{"id":19764,"date":"2023-11-29T14:18:35","date_gmt":"2023-11-29T19:18:35","guid":{"rendered":"https:\/\/artaceramic.com\/?post_type=product&#038;p=19764"},"modified":"2026-02-04T13:54:11","modified_gmt":"2026-02-04T18:54:11","slug":"new-abbey-stone","status":"publish","type":"product","link":"https:\/\/artaceramic.com\/fr\/produit\/new-abbey-stone\/","title":{"rendered":"Abbey Stone"},"content":{"rendered":"<h4>FORMATS DISPONIBLES<\/h4>\n<p>FORMAT: 4 3\/8 X 8 3\/8<\/p>\n<p>MCX\/BO\u00ceTE: 30.00<\/p>\n<p>PC\/BO\u00ceTE: 7.84<\/p>\n<p>*60<\/p>\n<p>&nbsp;<\/p>\n<p>FORMAT: 4 3\/8 X 4 3\/8<\/p>\n<p>MCX\/BO\u00ceTE: 30.00<\/p>\n<p>PC\/BO\u00ceTE: 3.92<\/p>\n<p>*80 diff\u00e9rentes tonalit\u00e9s au hasard par bo\u00eetes<\/p>\n<p>&nbsp;<\/p>\n<h4>FORMATS EN COMMANDE SP\u00c9CIALE<\/h4>\n<p>FORMAT: 8 3\/8 X 8 3\/8<\/p>\n<p>MCX\/BO\u00ceTE: 15.00<\/p>\n<p>PC\/BO\u00ceTE: 7.84<\/p>\n<p>*50 diff\u00e9rentes tonalit\u00e9s au hasard par bo\u00eetes<\/p>\n<p>&nbsp;<\/p>\n<p>FORMAT: 17 1\/2 X 8 3\/8<\/p>\n<p>MCX\/BO\u00ceTE: 8.00<\/p>\n<p>PC\/BO\u00ceTE: 8.33<\/p>\n<p>&nbsp;<\/p>\n<p>FORMAT: 17 1\/2 X 17 1\/2<\/p>\n<p>MCX\/BO\u00ceTE: 4.00<\/p>\n<p>PC\/BO\u00ceTE: 8.33<\/p>\n","protected":false},"excerpt":{"rendered":"<p id=\"tw-target-text\" class=\"tw-data-text tw-text-large tw-ta\" dir=\"ltr\" data-placeholder=\"Traduction\" data-ved=\"2ahUKEwiGgJ7G-OmCAxXCM1kFHfu4DIsQ3ewLegQIBRAQ\"><span class=\"Y2IQFc\" lang=\"fr\">Abbey Stone incarne la fa\u00e7on dont le temps modifie et fa\u00e7onne l\u2019apparence en ajoutant sa patine particuli\u00e8re au fil des si\u00e8cles. Hommage \u00e0 la gr\u00e2ce que le temps prodigue avec une finition douce mais supportable, pr\u00eate \u00e0 relever tous les d\u00e9fis.<\/span><\/p>\n<h4>COULEURS DISPONIBLES<\/h4>\n<p><span id=\"color-name\"><\/span><br \/>\n<img decoding=\"async\" class=\"alignnone wp-image-19646\" style=\"cursor: pointer;\" src=\"https:\/\/artaceramic.com\/wp-content\/uploads\/2023\/11\/Capture-decran-2023-11-16-152912.png\" alt=\"\" width=\"80\" height=\"80\" srcset=\"https:\/\/artaceramic.com\/wp-content\/uploads\/2023\/11\/Capture-decran-2023-11-16-152912.png 207w, https:\/\/artaceramic.com\/wp-content\/uploads\/2023\/11\/Capture-decran-2023-11-16-152912-100x100.png 100w\" sizes=\"(max-width: 80px) 100vw, 80px\" \/><\/p>\n<p>&nbsp;<\/p>\n<h4>COULEURS EN COMMANDE SP\u00c9CIALE<\/h4>\n<p><span id=\"color-name\"><\/span><br \/>\n<img decoding=\"async\" class=\"alignnone wp-image-19648\" style=\"cursor: pointer;\" src=\"https:\/\/artaceramic.com\/wp-content\/uploads\/2023\/11\/Capture-decran-2023-11-16-153043.png\" alt=\"\" width=\"81\" height=\"80\" srcset=\"https:\/\/artaceramic.com\/wp-content\/uploads\/2023\/11\/Capture-decran-2023-11-16-153043.png 269w, https:\/\/artaceramic.com\/wp-content\/uploads\/2023\/11\/Capture-decran-2023-11-16-153043-100x100.png 100w\" sizes=\"(max-width: 81px) 100vw, 81px\" \/> <img decoding=\"async\" class=\"alignnone wp-image-19650\" style=\"cursor: pointer;\" src=\"https:\/\/artaceramic.com\/wp-content\/uploads\/2023\/11\/Capture-decran-2023-11-16-153030.png\" alt=\"\" width=\"82\" height=\"80\" \/><\/p>\n","protected":false},"featured_media":19742,"template":"","meta":[],"product_brand":[],"product_cat":[66,100],"product_tag":[],"class_list":{"0":"post-19764","1":"product","2":"type-product","3":"status-publish","4":"has-post-thumbnail","6":"product_cat-carreaux","7":"product_cat-ceramique-et-porcelaine","8":"pa_colors-beige-fr","9":"pa_colors-blanc","10":"pa_colors-brun","11":"pa_colors-gris","12":"pa_sizes-43-8x46-8-fr","13":"pa_sizes-4-3-8x4-3-8-fr","14":"pa_thickness-10mm-fr","16":"first","17":"instock","18":"shipping-taxable","19":"product-type-simple"},"_links":{"self":[{"href":"https:\/\/artaceramic.com\/fr\/wp-json\/wp\/v2\/product\/19764","targetHints":{"allow":["GET"]}}],"collection":[{"href":"https:\/\/artaceramic.com\/fr\/wp-json\/wp\/v2\/product"}],"about":[{"href":"https:\/\/artaceramic.com\/fr\/wp-json\/wp\/v2\/types\/product"}],"wp:featuredmedia":[{"embeddable":true,"href":"https:\/\/artaceramic.com\/fr\/wp-json\/wp\/v2\/media\/19742"}],"wp:attachment":[{"href":"https:\/\/artaceramic.com\/fr\/wp-json\/wp\/v2\/media?parent=19764"}],"wp:term":[{"taxonomy":"product_brand","embeddable":true,"href":"https:\/\/artaceramic.com\/fr\/wp-json\/wp\/v2\/product_brand?post=19764"},{"taxonomy":"product_cat","embeddable":true,"href":"https:\/\/artaceramic.com\/fr\/wp-json\/wp\/v2\/product_cat?post=19764"},{"taxonomy":"product_tag","embeddable":true,"href":"https:\/\/artaceramic.com\/fr\/wp-json\/wp\/v2\/product_tag?post=19764"}],"curies":[{"name":"wp","href":"https:\/\/api.w.org\/{rel}","templated":true}]}}