{"id":19610,"date":"2023-10-04T15:24:44","date_gmt":"2023-10-04T19:24:44","guid":{"rendered":"https:\/\/artaceramic.com\/?post_type=product&#038;p=19610"},"modified":"2026-02-04T13:57:15","modified_gmt":"2026-02-04T18:57:15","slug":"nouveau-marea","status":"publish","type":"product","link":"https:\/\/artaceramic.com\/fr\/produit\/nouveau-marea\/","title":{"rendered":"Marea"},"content":{"rendered":"<p>COMMANDE SP\u00c9CIALE<\/p>\n<p><strong>ALTA-MAREA<\/strong><\/p>\n<p>FORMAT: 3X11.8<\/p>\n<p>PC\/BO\u00ceTE: 4.85<\/p>\n<p>MCX\/BO\u00ceTE: 20.00<\/p>\n<p>&nbsp;<\/p>\n<p><strong>BASSA-MAREA<\/strong><\/p>\n<p>FORMAT: 3X11.8<\/p>\n<p>PC\/BO\u00ceTE: 5.95<\/p>\n<p>MCX\/BO\u00ceTE: 22.00<\/p>\n","protected":false},"excerpt":{"rendered":"<p id=\"tw-target-text\" class=\"tw-data-text tw-text-large tw-ta\" dir=\"ltr\" data-placeholder=\"Traduction\" data-ved=\"2ahUKEwiR3vqgzPCBAxWGKFkFHaX-CRMQ3ewLegQIBhAQ\"><span class=\"Y2IQFc\" lang=\"fr\">Marea est n\u00e9e sur la fronti\u00e8re incertaine qui s\u00e9pare le ciel de l&rsquo;eau, brouill\u00e9e par la danse des vagues. Il s&rsquo;agit d&rsquo;une collection minimaliste avec une tridimensionnalit\u00e9 m\u00e9ticuleuse et sculpturale, pleine d&rsquo;\u00e9nergie vibrante et inspir\u00e9e par le mouvement cyclique de la mer entra\u00een\u00e9 par la lune.<\/span><\/p>\n<p>&nbsp;<\/p>\n<h4>COULEURS DISPONIBLES<\/h4>\n<p><span id=\"color-name\"><\/span><br \/>\nAlta Marea Matt<\/p>\n<p><img decoding=\"async\" class=\"alignnone size-full wp-image-19582\" src=\"https:\/\/artaceramic.com\/wp-content\/uploads\/2023\/10\/1.png\" alt=\"\" width=\"120\" height=\"120\" srcset=\"https:\/\/artaceramic.com\/wp-content\/uploads\/2023\/10\/1.png 120w, https:\/\/artaceramic.com\/wp-content\/uploads\/2023\/10\/1-100x100.png 100w\" sizes=\"(max-width: 120px) 100vw, 120px\" \/><\/p>\n<p><img decoding=\"async\" class=\"alignnone size-medium wp-image-19568\" style=\"cursor: pointer;\" src=\"https:\/\/artaceramic.com\/wp-content\/uploads\/2023\/10\/Bianco.png\" alt=\"Bianco\" width=\"80\" height=\"80\" \/> <img decoding=\"async\" class=\"alignnone size-medium wp-image-19570\" style=\"cursor: pointer;\" src=\"https:\/\/artaceramic.com\/wp-content\/uploads\/2023\/10\/Rosa.png\" alt=\"Rosa\" width=\"80\" height=\"80\" \/> <img loading=\"lazy\" decoding=\"async\" class=\"alignnone size-medium wp-image-19572\" style=\"cursor: pointer;\" src=\"https:\/\/artaceramic.com\/wp-content\/uploads\/2023\/10\/Salvia.png\" alt=\"Salvia Alta Matt\" width=\"80\" height=\"80\" \/> <img loading=\"lazy\" decoding=\"async\" class=\"alignnone size-medium wp-image-19574\" style=\"cursor: pointer;\" src=\"https:\/\/artaceramic.com\/wp-content\/uploads\/2023\/10\/Porpora.png\" alt=\"Porpora Alta Matt\" width=\"80\" height=\"80\" \/> <img loading=\"lazy\" decoding=\"async\" class=\"alignnone size-medium wp-image-19576\" style=\"cursor: pointer;\" src=\"https:\/\/artaceramic.com\/wp-content\/uploads\/2023\/10\/Blu.png\" alt=\"Blu Alta Matt\" width=\"80\" height=\"80\" \/> <img loading=\"lazy\" decoding=\"async\" class=\"alignnone size-medium wp-image-19578\" style=\"cursor: pointer;\" src=\"https:\/\/artaceramic.com\/wp-content\/uploads\/2023\/10\/Nero.png\" alt=\"Nero Alta Matt\" width=\"80\" height=\"80\" \/><\/p>\n<p>&nbsp;<\/p>\n<p>Bassa Marea Lucido<\/p>\n<p><img loading=\"lazy\" decoding=\"async\" class=\"alignnone size-full wp-image-19584\" src=\"https:\/\/artaceramic.com\/wp-content\/uploads\/2023\/10\/2.png\" alt=\"\" width=\"120\" height=\"120\" srcset=\"https:\/\/artaceramic.com\/wp-content\/uploads\/2023\/10\/2.png 120w, https:\/\/artaceramic.com\/wp-content\/uploads\/2023\/10\/2-100x100.png 100w\" sizes=\"(max-width: 120px) 100vw, 120px\" \/><\/p>\n<p><img loading=\"lazy\" decoding=\"async\" class=\"alignnone size-full wp-image-19568\" style=\"cursor: pointer;\" src=\"https:\/\/artaceramic.com\/wp-content\/uploads\/2023\/10\/Bianco.png\" alt=\"Bianco Bassa Lucido\" width=\"80\" height=\"80\" \/> <img loading=\"lazy\" decoding=\"async\" class=\"alignnone size-full wp-image-19570\" style=\"cursor: pointer;\" src=\"https:\/\/artaceramic.com\/wp-content\/uploads\/2023\/10\/Rosa.png\" alt=\"Rosa Bassa Lucido\" width=\"80\" height=\"80\" \/> <img loading=\"lazy\" decoding=\"async\" class=\"alignnone size-full wp-image-19572\" style=\"cursor: pointer;\" src=\"https:\/\/artaceramic.com\/wp-content\/uploads\/2023\/10\/Salvia.png\" alt=\"Salvia Bassa Lucido\" width=\"80\" height=\"80\" \/> <img loading=\"lazy\" decoding=\"async\" class=\"alignnone size-full wp-image-19574\" style=\"cursor: pointer;\" src=\"https:\/\/artaceramic.com\/wp-content\/uploads\/2023\/10\/Porpora.png\" alt=\"Porpora Bassa Lucido\" width=\"80\" height=\"80\" \/> <img loading=\"lazy\" decoding=\"async\" class=\"alignnone size-full wp-image-19576\" style=\"cursor: pointer;\" src=\"https:\/\/artaceramic.com\/wp-content\/uploads\/2023\/10\/Blu.png\" alt=\"Blu Bassa Lucido\" width=\"80\" height=\"80\" \/> <img loading=\"lazy\" decoding=\"async\" class=\"alignnone size-full wp-image-19578\" style=\"cursor: pointer;\" src=\"https:\/\/artaceramic.com\/wp-content\/uploads\/2023\/10\/Nero.png\" alt=\"Nero Bassa Lucido\" width=\"80\" height=\"80\" \/><\/p>\n","protected":false},"featured_media":19589,"template":"","meta":[],"product_brand":[],"product_cat":[66,80,100],"product_tag":[],"class_list":{"0":"post-19610","1":"product","2":"type-product","3":"status-publish","4":"has-post-thumbnail","6":"product_cat-carreaux","7":"product_cat-carreaux-muraux","8":"product_cat-ceramique-et-porcelaine","9":"pa_colors-blanc","10":"pa_colors-bleu","11":"pa_colors-metallique","12":"pa_colors-noir","13":"pa_colors-rose","14":"pa_colors-rouge","15":"pa_colors-vert","16":"pa_sizes-3x12-fr","17":"pa_thickness-8mm-fr","19":"first","20":"instock","21":"shipping-taxable","22":"product-type-simple"},"_links":{"self":[{"href":"https:\/\/artaceramic.com\/fr\/wp-json\/wp\/v2\/product\/19610","targetHints":{"allow":["GET"]}}],"collection":[{"href":"https:\/\/artaceramic.com\/fr\/wp-json\/wp\/v2\/product"}],"about":[{"href":"https:\/\/artaceramic.com\/fr\/wp-json\/wp\/v2\/types\/product"}],"wp:featuredmedia":[{"embeddable":true,"href":"https:\/\/artaceramic.com\/fr\/wp-json\/wp\/v2\/media\/19589"}],"wp:attachment":[{"href":"https:\/\/artaceramic.com\/fr\/wp-json\/wp\/v2\/media?parent=19610"}],"wp:term":[{"taxonomy":"product_brand","embeddable":true,"href":"https:\/\/artaceramic.com\/fr\/wp-json\/wp\/v2\/product_brand?post=19610"},{"taxonomy":"product_cat","embeddable":true,"href":"https:\/\/artaceramic.com\/fr\/wp-json\/wp\/v2\/product_cat?post=19610"},{"taxonomy":"product_tag","embeddable":true,"href":"https:\/\/artaceramic.com\/fr\/wp-json\/wp\/v2\/product_tag?post=19610"}],"curies":[{"name":"wp","href":"https:\/\/api.w.org\/{rel}","templated":true}]}}