{"id":19564,"date":"2023-10-04T14:30:23","date_gmt":"2023-10-04T18:30:23","guid":{"rendered":"https:\/\/artaceramic.com\/?post_type=product&#038;p=19564"},"modified":"2026-02-04T13:59:27","modified_gmt":"2026-02-04T18:59:27","slug":"nouveau-spectre","status":"publish","type":"product","link":"https:\/\/artaceramic.com\/fr\/produit\/nouveau-spectre\/","title":{"rendered":"Spectre"},"content":{"rendered":"<p>COMMANDE SP\u00c9CIALE<\/p>\n<p>FORMAT: 2X10<\/p>\n<p>PC\/BO\u00ceTE: 3.23<\/p>\n<p>MCX\/BO\u00ceTE: 24.00<\/p>\n","protected":false},"excerpt":{"rendered":"<p>Spectre est une \u00e9tude qui \u00e9tudie les r\u00e9actions de la lumi\u00e8re sur diff\u00e9rentes applications de gla\u00e7age. Apr\u00e8s de nombreux tests dans le domaine de la c\u00e9ramique, nous avons trouv\u00e9 la finition holographique capable de dessiner le spectre lumineux, c&rsquo;est ainsi qu&rsquo;est n\u00e9 l&rsquo;hologramme, une surface brillante qui prend diff\u00e9rentes couleurs selon le changement de la lumi\u00e8re. Chaque couleur a \u00e0 la fois une surface mate et brillante et est propos\u00e9 dans un m\u00e9lange compl\u00e9t\u00e9 par une finition holographique qui cr\u00e9e un rythme visuel iris\u00e9 et red\u00e9finit les surfaces contemporaines.<\/p>\n<h4>COULEURS DIPSONIBLES<\/h4>\n<p><span id=\"color-name\"><\/span><br \/>\n<img decoding=\"async\" class=\"alignnone size-full wp-image-19556\" style=\"cursor: pointer;\" src=\"https:\/\/artaceramic.com\/wp-content\/uploads\/2023\/10\/Milk-Hologram.png\" alt=\"Milk Hologram\" width=\"80\" height=\"80\" \/> <img decoding=\"async\" class=\"alignnone size-medium wp-image-19558\" style=\"cursor: pointer;\" src=\"https:\/\/artaceramic.com\/wp-content\/uploads\/2023\/10\/Cream-Hologram.png\" alt=\"Cream Hologram\" width=\"80\" height=\"80\" \/> <img decoding=\"async\" class=\"alignnone size-medium wp-image-19560\" style=\"cursor: pointer;\" src=\"https:\/\/artaceramic.com\/wp-content\/uploads\/2023\/10\/Rosa-Hologram.png\" alt=\"Rosa Hologram\" width=\"80\" height=\"80\" \/> <img loading=\"lazy\" decoding=\"async\" class=\"alignnone size-medium wp-image-19562\" style=\"cursor: pointer;\" src=\"https:\/\/artaceramic.com\/wp-content\/uploads\/2023\/10\/Sky-Hologram.png\" alt=\"Sky Hologram\" width=\"80\" height=\"80\" \/><\/p>\n","protected":false},"featured_media":19539,"template":"","meta":[],"product_brand":[],"product_cat":[66,80,100],"product_tag":[],"class_list":{"0":"post-19564","1":"product","2":"type-product","3":"status-publish","4":"has-post-thumbnail","6":"product_cat-carreaux","7":"product_cat-carreaux-muraux","8":"product_cat-ceramique-et-porcelaine","9":"pa_colors-blanc","10":"pa_colors-bleu","11":"pa_colors-hologramme","12":"pa_colors-ivoire","13":"pa_colors-rose","14":"pa_sizes-2x10-fr","15":"pa_thickness-8mm-fr","17":"first","18":"instock","19":"shipping-taxable","20":"product-type-simple"},"_links":{"self":[{"href":"https:\/\/artaceramic.com\/fr\/wp-json\/wp\/v2\/product\/19564","targetHints":{"allow":["GET"]}}],"collection":[{"href":"https:\/\/artaceramic.com\/fr\/wp-json\/wp\/v2\/product"}],"about":[{"href":"https:\/\/artaceramic.com\/fr\/wp-json\/wp\/v2\/types\/product"}],"wp:featuredmedia":[{"embeddable":true,"href":"https:\/\/artaceramic.com\/fr\/wp-json\/wp\/v2\/media\/19539"}],"wp:attachment":[{"href":"https:\/\/artaceramic.com\/fr\/wp-json\/wp\/v2\/media?parent=19564"}],"wp:term":[{"taxonomy":"product_brand","embeddable":true,"href":"https:\/\/artaceramic.com\/fr\/wp-json\/wp\/v2\/product_brand?post=19564"},{"taxonomy":"product_cat","embeddable":true,"href":"https:\/\/artaceramic.com\/fr\/wp-json\/wp\/v2\/product_cat?post=19564"},{"taxonomy":"product_tag","embeddable":true,"href":"https:\/\/artaceramic.com\/fr\/wp-json\/wp\/v2\/product_tag?post=19564"}],"curies":[{"name":"wp","href":"https:\/\/api.w.org\/{rel}","templated":true}]}}