{"id":19536,"date":"2023-09-27T16:45:30","date_gmt":"2023-09-27T20:45:30","guid":{"rendered":"https:\/\/artaceramic.com\/?post_type=product&#038;p=19536"},"modified":"2026-02-04T14:01:18","modified_gmt":"2026-02-04T19:01:18","slug":"new-tinte","status":"publish","type":"product","link":"https:\/\/artaceramic.com\/fr\/produit\/new-tinte\/","title":{"rendered":"Tinte"},"content":{"rendered":"<p>COMMANDE SP\u00c9CIALE<\/p>\n<p>FORMAT: 2 X 10<\/p>\n<p>PC\/BO\u00ceTE: 5.38<\/p>\n<p>MCX\/BO\u00ceTE: 40.00<\/p>\n","protected":false},"excerpt":{"rendered":"<p id=\"tw-target-text\" class=\"tw-data-text tw-text-large tw-ta\" dir=\"ltr\" data-placeholder=\"Traduction\" data-ved=\"2ahUKEwjNzqeR9tyBAxVlEGIAHYLyBFcQ3ewLegQIBhAQ\"><span class=\"Y2IQFc\" lang=\"fr\">La couleur, modul\u00e9e dans une s\u00e9rie de nuances et de degr\u00e9s d&rsquo;intensit\u00e9 diff\u00e9rents, est le moteur du style de cette collection de carreaux muraux en p\u00e2te blanche Tinte. Le c\u00f4t\u00e9 long du carreau \u00e0 bandes se distingue par son l\u00e9ger chanfrein et sa concentration en pigments, qui conf\u00e8rent \u00e0 ce carrelage mural une \u00e9nergie dynamique tandis que les surfaces mates ou brillantes augmentent son expressivit\u00e9 et son application.<\/span><\/p>\n<h4>COULEURS DISPONIBLES<\/h4>\n<p><span id=\"color-name\"><\/span><br \/>\nLucido<span id=\"color-name\"><\/span><\/p>\n<p><img decoding=\"async\" class=\"alignnone size-full wp-image-19482\" style=\"cursor: pointer;\" src=\"https:\/\/artaceramic.com\/wp-content\/uploads\/2023\/09\/Bianco-Lucido.png\" alt=\"Bianco Lucido\" width=\"80\" height=\"80\" \/> <img decoding=\"async\" class=\"alignnone size-full wp-image-19484\" style=\"cursor: pointer;\" src=\"https:\/\/artaceramic.com\/wp-content\/uploads\/2023\/09\/Grigio-Chiaro-Lucido.png\" alt=\"Grigio Chiaro Lucido\" width=\"80\" height=\"80\" \/> <img decoding=\"async\" class=\"alignnone size-full wp-image-19486\" style=\"cursor: pointer;\" src=\"https:\/\/artaceramic.com\/wp-content\/uploads\/2023\/09\/Grigio-Medio-Lucido.png\" alt=\"Grigio Medio Lucido\" width=\"80\" height=\"80\" \/> <img loading=\"lazy\" decoding=\"async\" class=\"alignnone size-full wp-image-19488\" style=\"cursor: pointer;\" src=\"https:\/\/artaceramic.com\/wp-content\/uploads\/2023\/09\/Tortora-Lucido.png\" alt=\"Tortora Lucido\" width=\"80\" height=\"80\" \/> <img loading=\"lazy\" decoding=\"async\" class=\"alignnone size-full wp-image-19490\" style=\"cursor: pointer;\" src=\"https:\/\/artaceramic.com\/wp-content\/uploads\/2023\/09\/Fango-Lucido.png\" alt=\"Fango Lucido\" width=\"80\" height=\"80\" \/> <img loading=\"lazy\" decoding=\"async\" class=\"alignnone size-full wp-image-19492\" style=\"cursor: pointer;\" src=\"https:\/\/artaceramic.com\/wp-content\/uploads\/2023\/09\/Rosa-Lucido.png\" alt=\"Rosa Lucido\" width=\"80\" height=\"80\" \/><\/p>\n<p><img loading=\"lazy\" decoding=\"async\" class=\"alignnone size-full wp-image-19494\" style=\"cursor: pointer;\" src=\"https:\/\/artaceramic.com\/wp-content\/uploads\/2023\/09\/Acquamarina-Lucido.png\" alt=\"Acquamarina Lucido\" width=\"80\" height=\"80\" \/> <img loading=\"lazy\" decoding=\"async\" class=\"alignnone size-full wp-image-19496\" style=\"cursor: pointer;\" src=\"https:\/\/artaceramic.com\/wp-content\/uploads\/2023\/09\/Carta-de-Zucchero-Lucido.png\" alt=\"Carta de Zucchero\" width=\"80\" height=\"80\" \/> <img loading=\"lazy\" decoding=\"async\" class=\"alignnone size-full wp-image-19498\" style=\"cursor: pointer;\" src=\"https:\/\/artaceramic.com\/wp-content\/uploads\/2023\/09\/Blu-Lucido.png\" alt=\"Blu Lucido\" width=\"80\" height=\"80\" \/> <img loading=\"lazy\" decoding=\"async\" class=\"alignnone size-full wp-image-19500\" style=\"cursor: pointer;\" src=\"https:\/\/artaceramic.com\/wp-content\/uploads\/2023\/09\/Giallo-Lucido.png\" alt=\"Giallo Lucido\" width=\"80\" height=\"80\" \/> <img loading=\"lazy\" decoding=\"async\" class=\"alignnone size-full wp-image-19502\" style=\"cursor: pointer;\" src=\"https:\/\/artaceramic.com\/wp-content\/uploads\/2023\/09\/Verde-Lucido.png\" alt=\"Verde Lucido\" width=\"80\" height=\"80\" \/> <img loading=\"lazy\" decoding=\"async\" class=\"alignnone size-full wp-image-19504\" style=\"cursor: pointer;\" src=\"https:\/\/artaceramic.com\/wp-content\/uploads\/2023\/09\/Nero-Lucido.png\" alt=\"Nero Lucido\" width=\"80\" height=\"80\" \/><\/p>\n<p><img loading=\"lazy\" decoding=\"async\" class=\"alignnone size-full wp-image-19506\" style=\"cursor: pointer;\" src=\"https:\/\/artaceramic.com\/wp-content\/uploads\/2023\/09\/Acciato-Lucido.png\" alt=\"Acciatto Lucido\" width=\"80\" height=\"80\" \/><\/p>\n<p>&nbsp;<\/p>\n<p>Matt<\/p>\n<p><img loading=\"lazy\" decoding=\"async\" class=\"alignnone size-full wp-image-19508\" style=\"cursor: pointer;\" src=\"https:\/\/artaceramic.com\/wp-content\/uploads\/2023\/09\/Bianco-Mat.png\" alt=\"Bianco Matt\" width=\"80\" height=\"80\" \/> <img loading=\"lazy\" decoding=\"async\" class=\"alignnone size-full wp-image-19510\" style=\"cursor: pointer;\" src=\"https:\/\/artaceramic.com\/wp-content\/uploads\/2023\/09\/Grigio-Chiaro-Mat.png\" alt=\"Grigio Chiaro Matt\" width=\"80\" height=\"80\" \/> <img loading=\"lazy\" decoding=\"async\" class=\"alignnone size-full wp-image-19512\" style=\"cursor: pointer;\" src=\"https:\/\/artaceramic.com\/wp-content\/uploads\/2023\/09\/Grigio-Medio-Mat.png\" alt=\"Grigio Medio Matt\" width=\"80\" height=\"80\" \/> <img loading=\"lazy\" decoding=\"async\" class=\"alignnone size-full wp-image-19516\" style=\"cursor: pointer;\" src=\"https:\/\/artaceramic.com\/wp-content\/uploads\/2023\/09\/Tortora-Mat.png\" alt=\"Tortora Matt\" width=\"80\" height=\"80\" \/> <img loading=\"lazy\" decoding=\"async\" class=\"alignnone size-full wp-image-19514\" style=\"cursor: pointer;\" src=\"https:\/\/artaceramic.com\/wp-content\/uploads\/2023\/09\/Fango-Mat.png\" alt=\"Fango Matt\" width=\"80\" height=\"80\" \/> <img loading=\"lazy\" decoding=\"async\" class=\"alignnone size-full wp-image-19518\" style=\"cursor: pointer;\" src=\"https:\/\/artaceramic.com\/wp-content\/uploads\/2023\/09\/Rosa-Mat.png\" alt=\"Rosa Matt\" width=\"80\" height=\"80\" \/><\/p>\n<p><img loading=\"lazy\" decoding=\"async\" class=\"alignnone size-full wp-image-19520\" style=\"cursor: pointer;\" src=\"https:\/\/artaceramic.com\/wp-content\/uploads\/2023\/09\/Acquamarina-Mat.png\" alt=\"Acquamarina Matt\" width=\"80\" height=\"80\" \/> <img loading=\"lazy\" decoding=\"async\" class=\"alignnone size-full wp-image-19522\" style=\"cursor: pointer;\" src=\"https:\/\/artaceramic.com\/wp-content\/uploads\/2023\/09\/Carta-de-Zucchero-Mat.png\" alt=\"Carta de Zucchero\" width=\"80\" height=\"80\" \/> <img loading=\"lazy\" decoding=\"async\" class=\"alignnone size-full wp-image-19524\" style=\"cursor: pointer;\" src=\"https:\/\/artaceramic.com\/wp-content\/uploads\/2023\/09\/Blu-Mat.png\" alt=\"Blu Matt\" width=\"80\" height=\"80\" \/> <img loading=\"lazy\" decoding=\"async\" class=\"alignnone size-full wp-image-19526\" style=\"cursor: pointer;\" src=\"https:\/\/artaceramic.com\/wp-content\/uploads\/2023\/09\/Giallo-Mat.png\" alt=\"Giallo Matt\" width=\"80\" height=\"80\" \/> <img loading=\"lazy\" decoding=\"async\" class=\"alignnone size-full wp-image-19528\" style=\"cursor: pointer;\" src=\"https:\/\/artaceramic.com\/wp-content\/uploads\/2023\/09\/Verde-Mat.png\" alt=\"Verde Matt\" width=\"80\" height=\"80\" \/> <img loading=\"lazy\" decoding=\"async\" class=\"alignnone size-full wp-image-19530\" style=\"cursor: pointer;\" src=\"https:\/\/artaceramic.com\/wp-content\/uploads\/2023\/09\/Nero-Mat.png\" alt=\"Nero\" width=\"80\" height=\"80\" \/><\/p>\n<p>&nbsp;<\/p>\n","protected":false},"featured_media":19473,"template":"","meta":[],"product_brand":[],"product_cat":[66,80,100],"product_tag":[],"class_list":{"0":"post-19536","1":"product","2":"type-product","3":"status-publish","4":"has-post-thumbnail","6":"product_cat-carreaux","7":"product_cat-carreaux-muraux","8":"product_cat-ceramique-et-porcelaine","9":"pa_colors-blanc","10":"pa_colors-bleu","11":"pa_colors-greige-fr","12":"pa_colors-gris","13":"pa_colors-ivoire","14":"pa_colors-jaune","15":"pa_colors-rose","16":"pa_colors-taupe-fr","17":"pa_colors-vert","18":"pa_sizes-2x10-fr","19":"pa_thickness-9mm-fr","21":"first","22":"instock","23":"shipping-taxable","24":"product-type-simple"},"_links":{"self":[{"href":"https:\/\/artaceramic.com\/fr\/wp-json\/wp\/v2\/product\/19536","targetHints":{"allow":["GET"]}}],"collection":[{"href":"https:\/\/artaceramic.com\/fr\/wp-json\/wp\/v2\/product"}],"about":[{"href":"https:\/\/artaceramic.com\/fr\/wp-json\/wp\/v2\/types\/product"}],"wp:featuredmedia":[{"embeddable":true,"href":"https:\/\/artaceramic.com\/fr\/wp-json\/wp\/v2\/media\/19473"}],"wp:attachment":[{"href":"https:\/\/artaceramic.com\/fr\/wp-json\/wp\/v2\/media?parent=19536"}],"wp:term":[{"taxonomy":"product_brand","embeddable":true,"href":"https:\/\/artaceramic.com\/fr\/wp-json\/wp\/v2\/product_brand?post=19536"},{"taxonomy":"product_cat","embeddable":true,"href":"https:\/\/artaceramic.com\/fr\/wp-json\/wp\/v2\/product_cat?post=19536"},{"taxonomy":"product_tag","embeddable":true,"href":"https:\/\/artaceramic.com\/fr\/wp-json\/wp\/v2\/product_tag?post=19536"}],"curies":[{"name":"wp","href":"https:\/\/api.w.org\/{rel}","templated":true}]}}