{"id":19447,"date":"2023-09-19T16:04:03","date_gmt":"2023-09-19T20:04:03","guid":{"rendered":"https:\/\/artaceramic.com\/?post_type=product&#038;p=19447"},"modified":"2026-02-04T14:02:51","modified_gmt":"2026-02-04T19:02:51","slug":"coming-soon-italic","status":"publish","type":"product","link":"https:\/\/artaceramic.com\/fr\/produit\/coming-soon-italic\/","title":{"rendered":"Italic"},"content":{"rendered":"<p>FORMATS DISPONIBLES:<\/p>\n<p>24 X 48<\/p>\n<p>MIX 12 X 48 ; 8 X 48 ; 4 X 48<\/p>\n<p>CUSHION 3 X 24<\/p>\n<p>MOSAIC 12 X 12<\/p>\n<p>DUNE 2 X 8<\/p>\n<p>PLAIN 2 X 8<\/p>\n<p>&nbsp;<\/p>\n","protected":false},"excerpt":{"rendered":"<p id=\"tw-target-text\" class=\"tw-data-text tw-text-large tw-ta\" dir=\"ltr\" data-placeholder=\"Traduction\"><span class=\"Y2IQFc\" lang=\"fr\">Italic est n\u00e9 d&rsquo;une \u00e9tude minutieuse des finitions et de la structure de la pierre, inspir\u00e9e du mouvement rationaliste, pour cr\u00e9er un produit \u00e9quilibr\u00e9 et essentiel. L&rsquo;italique incarne la sagesse et l&rsquo;h\u00e9ritage d&rsquo;un voyage qui dure depuis une g\u00e9n\u00e9ration. Un voyage compl\u00e8tement italien.<\/span><\/p>\n<h4><strong>COULEURS DISPONIBLES<\/strong><br \/>\n<span id=\"color-name\"><\/span><\/h4>\n<p><img decoding=\"async\" class=\"alignnone size-full wp-image-19334\" style=\"cursor: pointer;\" src=\"https:\/\/artaceramic.com\/wp-content\/uploads\/2023\/09\/Carrara.png\" alt=\"Carrara\" width=\"80\" height=\"80\" \/> <img decoding=\"async\" class=\"alignnone size-full wp-image-19332\" style=\"cursor: pointer;\" src=\"https:\/\/artaceramic.com\/wp-content\/uploads\/2023\/09\/Travertino.png\" alt=\"Travertino\" width=\"80\" height=\"80\" \/> <img decoding=\"async\" class=\"alignnone size-full wp-image-19336\" style=\"cursor: pointer;\" src=\"https:\/\/artaceramic.com\/wp-content\/uploads\/2023\/09\/Lava.png\" alt=\"Lava\" width=\"80\" height=\"80\" \/><\/p>\n<p><img loading=\"lazy\" decoding=\"async\" class=\"alignnone size-full wp-image-19338\" style=\"cursor: pointer;\" src=\"https:\/\/artaceramic.com\/wp-content\/uploads\/2023\/09\/Mosaic-Carrara.png\" alt=\"Mosaic Carrara\" width=\"80\" height=\"80\" \/> <img loading=\"lazy\" decoding=\"async\" class=\"alignnone size-full wp-image-19340\" style=\"cursor: pointer;\" src=\"https:\/\/artaceramic.com\/wp-content\/uploads\/2023\/09\/Mosaic-Travertino.png\" alt=\"Mosaic Travertino\" width=\"80\" height=\"80\" \/> <img loading=\"lazy\" decoding=\"async\" class=\"alignnone size-full wp-image-19342\" style=\"cursor: pointer;\" src=\"https:\/\/artaceramic.com\/wp-content\/uploads\/2023\/09\/Mosaic-Lava.png\" alt=\"Mosaic Lava\" width=\"80\" height=\"80\" \/><\/p>\n<p><img loading=\"lazy\" decoding=\"async\" class=\"alignnone size-full wp-image-19356\" style=\"cursor: pointer;\" src=\"https:\/\/artaceramic.com\/wp-content\/uploads\/2023\/09\/Mosaic-A.png\" alt=\"Mosaic A\" width=\"80\" height=\"80\" \/> <img loading=\"lazy\" decoding=\"async\" class=\"alignnone size-medium wp-image-19358\" style=\"cursor: pointer;\" src=\"https:\/\/artaceramic.com\/wp-content\/uploads\/2023\/09\/Mosaic-B.png\" alt=\"Mosaic B\" width=\"80\" height=\"80\" \/> <img loading=\"lazy\" decoding=\"async\" class=\"alignnone size-medium wp-image-19360\" style=\"cursor: pointer;\" src=\"https:\/\/artaceramic.com\/wp-content\/uploads\/2023\/09\/Mosaic-C.png\" alt=\"Mosaic C\" width=\"80\" height=\"80\" \/><\/p>\n<p><img loading=\"lazy\" decoding=\"async\" class=\"alignnone size-full wp-image-19364\" style=\"cursor: pointer;\" src=\"https:\/\/artaceramic.com\/wp-content\/uploads\/2023\/09\/Plain-Bianco.png\" alt=\"Plain Bianco\" width=\"80\" height=\"80\" \/> <img loading=\"lazy\" decoding=\"async\" class=\"alignnone size-full wp-image-19362\" style=\"cursor: pointer;\" src=\"https:\/\/artaceramic.com\/wp-content\/uploads\/2023\/09\/Plain-Beige.png\" alt=\"Plain Beige\" width=\"80\" height=\"80\" \/> <img loading=\"lazy\" decoding=\"async\" class=\"alignnone size-full wp-image-19366\" style=\"cursor: pointer;\" src=\"https:\/\/artaceramic.com\/wp-content\/uploads\/2023\/09\/Plain-Nero.png\" alt=\"Plain Nero\" width=\"80\" height=\"80\" \/><\/p>\n<p><img loading=\"lazy\" decoding=\"async\" class=\"alignnone size-full wp-image-19348\" style=\"cursor: pointer;\" src=\"https:\/\/artaceramic.com\/wp-content\/uploads\/2023\/09\/Dune-Carrara.png\" alt=\"Dune Carrara\" width=\"80\" height=\"80\" \/> <img loading=\"lazy\" decoding=\"async\" class=\"alignnone size-full wp-image-19354\" style=\"cursor: pointer;\" src=\"https:\/\/artaceramic.com\/wp-content\/uploads\/2023\/09\/Dune-Travertino.png\" alt=\"Dune Travertino\" width=\"80\" height=\"80\" \/> <img loading=\"lazy\" decoding=\"async\" class=\"alignnone size-full wp-image-19350\" style=\"cursor: pointer;\" src=\"https:\/\/artaceramic.com\/wp-content\/uploads\/2023\/09\/Dune-Lava.png\" alt=\"Dune Lava\" width=\"80\" height=\"80\" \/> <img loading=\"lazy\" decoding=\"async\" class=\"alignnone size-full wp-image-19346\" style=\"cursor: pointer;\" src=\"https:\/\/artaceramic.com\/wp-content\/uploads\/2023\/09\/Dune-Bianco.png\" alt=\"Dune Bianco\" width=\"80\" height=\"80\" \/> <img loading=\"lazy\" decoding=\"async\" class=\"alignnone size-full wp-image-19344\" style=\"cursor: pointer;\" src=\"https:\/\/artaceramic.com\/wp-content\/uploads\/2023\/09\/Dune-Beige.png\" alt=\"Dune Beige\" width=\"80\" height=\"80\" \/> <img loading=\"lazy\" decoding=\"async\" class=\"alignnone size-full wp-image-19352\" style=\"cursor: pointer;\" src=\"https:\/\/artaceramic.com\/wp-content\/uploads\/2023\/09\/Dune-Nero.png\" alt=\"Dune Nero\" width=\"80\" height=\"80\" \/><\/p>\n","protected":false},"featured_media":19369,"template":"","meta":[],"product_brand":[],"product_cat":[66,100],"product_tag":[],"class_list":{"0":"post-19447","1":"product","2":"type-product","3":"status-publish","4":"has-post-thumbnail","6":"product_cat-carreaux","7":"product_cat-ceramique-et-porcelaine","8":"pa_colors-beige-fr","9":"pa_colors-blanc","10":"pa_colors-noir","11":"pa_sizes-12x48","12":"pa_sizes-24x48-fr","13":"pa_sizes-2x8-fr","14":"pa_sizes-3x24-fr","15":"pa_sizes-4x48-fr","16":"pa_sizes-8x48-fr","17":"pa_sizes-mosaique","18":"pa_thickness-10mm-fr","20":"first","21":"instock","22":"shipping-taxable","23":"product-type-simple"},"_links":{"self":[{"href":"https:\/\/artaceramic.com\/fr\/wp-json\/wp\/v2\/product\/19447","targetHints":{"allow":["GET"]}}],"collection":[{"href":"https:\/\/artaceramic.com\/fr\/wp-json\/wp\/v2\/product"}],"about":[{"href":"https:\/\/artaceramic.com\/fr\/wp-json\/wp\/v2\/types\/product"}],"wp:featuredmedia":[{"embeddable":true,"href":"https:\/\/artaceramic.com\/fr\/wp-json\/wp\/v2\/media\/19369"}],"wp:attachment":[{"href":"https:\/\/artaceramic.com\/fr\/wp-json\/wp\/v2\/media?parent=19447"}],"wp:term":[{"taxonomy":"product_brand","embeddable":true,"href":"https:\/\/artaceramic.com\/fr\/wp-json\/wp\/v2\/product_brand?post=19447"},{"taxonomy":"product_cat","embeddable":true,"href":"https:\/\/artaceramic.com\/fr\/wp-json\/wp\/v2\/product_cat?post=19447"},{"taxonomy":"product_tag","embeddable":true,"href":"https:\/\/artaceramic.com\/fr\/wp-json\/wp\/v2\/product_tag?post=19447"}],"curies":[{"name":"wp","href":"https:\/\/api.w.org\/{rel}","templated":true}]}}