{"id":19305,"date":"2023-09-12T13:51:13","date_gmt":"2023-09-12T17:51:13","guid":{"rendered":"https:\/\/artaceramic.com\/?post_type=product&#038;p=19305"},"modified":"2026-02-04T14:04:46","modified_gmt":"2026-02-04T19:04:46","slug":"nouveau-infinito-2-0","status":"publish","type":"product","link":"https:\/\/artaceramic.com\/fr\/produit\/nouveau-infinito-2-0\/","title":{"rendered":"Infinito 2.0"},"content":{"rendered":"<p>COMMANDE SP\u00c9CIALE<\/p>\n<p>FORMAT: 24&#215;48<\/p>\n<p>PC\/BOX: 15.55<\/p>\n<p>MCX\/BOX: 2.00<\/p>\n","protected":false},"excerpt":{"rendered":"<p>Du \u00ab noir total \u00bb, en passant par les nuances de gris et de brun, jusqu&rsquo;\u00e0 tous les blancs imaginables, les marbres de la collection Infinito 2.0 offrent diff\u00e9rentes textures, parcourues de veines de diff\u00e9rentes tailles qui rehaussent leur esth\u00e9tique naturelle et leur prestige.<\/p>\n<h4>COULEURS DISPONIBLES<\/h4>\n<p><span id=\"color-name\"><\/span><br \/>\n<img decoding=\"async\" class=\"alignnone size-full wp-image-19297\" style=\"cursor: pointer;\" src=\"https:\/\/artaceramic.com\/wp-content\/uploads\/2023\/09\/Gold-River.png\" alt=\"Gold River\" width=\"80\" height=\"80\" \/> <img decoding=\"async\" class=\"alignnone size-full wp-image-19299\" style=\"cursor: pointer;\" src=\"https:\/\/artaceramic.com\/wp-content\/uploads\/2023\/09\/River-Jade.png\" alt=\"River Jade\" width=\"80\" height=\"80\" \/> <img decoding=\"async\" class=\"alignnone size-full wp-image-19301\" style=\"cursor: pointer;\" src=\"https:\/\/artaceramic.com\/wp-content\/uploads\/2023\/09\/Patagonia.png\" alt=\"Patagonia\" width=\"80\" height=\"80\" \/> <img loading=\"lazy\" decoding=\"async\" class=\"alignnone size-full wp-image-19303\" style=\"cursor: pointer;\" src=\"https:\/\/artaceramic.com\/wp-content\/uploads\/2023\/09\/Calacatta-Viola.png\" alt=\"Calacatta Viola\" width=\"80\" height=\"80\" \/><\/p>\n","protected":false},"featured_media":19277,"template":"","meta":[],"product_brand":[],"product_cat":[66,100],"product_tag":[],"class_list":{"0":"post-19305","1":"product","2":"type-product","3":"status-publish","4":"has-post-thumbnail","6":"product_cat-carreaux","7":"product_cat-ceramique-et-porcelaine","8":"pa_colors-beige-fr","9":"pa_colors-greige-fr","10":"pa_colors-gris","11":"pa_colors-rouge","12":"pa_colors-vert","13":"pa_sizes-24x48-fr","14":"pa_thickness-6mm-fr","16":"first","17":"instock","18":"shipping-taxable","19":"product-type-simple"},"_links":{"self":[{"href":"https:\/\/artaceramic.com\/fr\/wp-json\/wp\/v2\/product\/19305","targetHints":{"allow":["GET"]}}],"collection":[{"href":"https:\/\/artaceramic.com\/fr\/wp-json\/wp\/v2\/product"}],"about":[{"href":"https:\/\/artaceramic.com\/fr\/wp-json\/wp\/v2\/types\/product"}],"wp:featuredmedia":[{"embeddable":true,"href":"https:\/\/artaceramic.com\/fr\/wp-json\/wp\/v2\/media\/19277"}],"wp:attachment":[{"href":"https:\/\/artaceramic.com\/fr\/wp-json\/wp\/v2\/media?parent=19305"}],"wp:term":[{"taxonomy":"product_brand","embeddable":true,"href":"https:\/\/artaceramic.com\/fr\/wp-json\/wp\/v2\/product_brand?post=19305"},{"taxonomy":"product_cat","embeddable":true,"href":"https:\/\/artaceramic.com\/fr\/wp-json\/wp\/v2\/product_cat?post=19305"},{"taxonomy":"product_tag","embeddable":true,"href":"https:\/\/artaceramic.com\/fr\/wp-json\/wp\/v2\/product_tag?post=19305"}],"curies":[{"name":"wp","href":"https:\/\/api.w.org\/{rel}","templated":true}]}}