{"id":19131,"date":"2023-09-09T12:46:00","date_gmt":"2023-09-09T16:46:00","guid":{"rendered":"https:\/\/artaceramic.com\/?post_type=product&#038;p=19131"},"modified":"2026-02-04T14:08:18","modified_gmt":"2026-02-04T19:08:18","slug":"bauhome","status":"publish","type":"product","link":"https:\/\/artaceramic.com\/fr\/produit\/bauhome\/","title":{"rendered":"Bauhome"},"content":{"rendered":"<p><strong>COMMANDE SP\u00c9CIALE<\/strong><\/p>\n<p>FORMAT: 8&#215;8<\/p>\n<p>PC\/BO\u00ceTE: 10.76<\/p>\n<p>MCX\/BO\u00ceTE: 25.00<\/p>\n","protected":false},"excerpt":{"rendered":"<p id=\"tw-target-text\" class=\"tw-data-text tw-text-large tw-ta\" dir=\"ltr\" data-placeholder=\"Traduction\"><span class=\"Y2IQFc\" lang=\"fr\">Un d\u00e9licieux m\u00e9lange de nostalgie et de design moderne qui vous transportera dans le temps tout en ajoutant une touche ludique \u00e0 votre espace contemporain. Cette collection est une c\u00e9l\u00e9bration des couleurs vibrantes, des motifs audacieux et du charme d\u00e9cal\u00e9 du pass\u00e9, r\u00e9invent\u00e9s pour les collectionneurs exigeants et les amateurs de d\u00e9coration d&rsquo;aujourd&rsquo;hui.<\/span><\/p>\n<h4 style=\"margin-bottom: 10px;\"><strong>COULEURS DISPONIBLE\u00a0<\/strong><\/h4>\n<p>&nbsp;<\/p>\n<p>&nbsp;<\/p>\n<p><img decoding=\"async\" class=\"alignnone size-full wp-image-19073\" style=\"cursor: pointer;\" src=\"https:\/\/artaceramic.com\/wp-content\/uploads\/2023\/09\/Weiss-1.png\" alt=\"Weiss\" width=\"80\" height=\"80\" \/> <img decoding=\"async\" class=\"alignnone size-full wp-image-19075\" style=\"cursor: pointer;\" src=\"https:\/\/artaceramic.com\/wp-content\/uploads\/2023\/09\/Rose-1.png\" alt=\"Rose\" width=\"80\" height=\"80\" \/> <img decoding=\"async\" class=\"alignnone size-full wp-image-19077\" style=\"cursor: pointer;\" src=\"https:\/\/artaceramic.com\/wp-content\/uploads\/2023\/09\/Terrakota-1.png\" alt=\"Terrakota\" width=\"80\" height=\"80\" \/> <img loading=\"lazy\" decoding=\"async\" class=\"alignnone size-full wp-image-19081\" style=\"cursor: pointer;\" src=\"https:\/\/artaceramic.com\/wp-content\/uploads\/2023\/09\/Minze-1.png\" alt=\"Minze\" width=\"80\" height=\"80\" \/> <img loading=\"lazy\" decoding=\"async\" class=\"alignnone size-full wp-image-19079\" style=\"cursor: pointer;\" src=\"https:\/\/artaceramic.com\/wp-content\/uploads\/2023\/09\/Grun-1.png\" alt=\"Grun\" width=\"80\" height=\"80\" \/> <img loading=\"lazy\" decoding=\"async\" class=\"alignnone size-full wp-image-19083\" style=\"cursor: pointer;\" src=\"https:\/\/artaceramic.com\/wp-content\/uploads\/2023\/09\/Grau-1.png\" alt=\"Grau\" width=\"80\" height=\"80\" \/> <img loading=\"lazy\" decoding=\"async\" class=\"alignnone size-full wp-image-19087\" style=\"cursor: pointer;\" src=\"https:\/\/artaceramic.com\/wp-content\/uploads\/2023\/09\/Glacier-1.png\" alt=\"Glacier\" width=\"80\" height=\"80\" \/> <img loading=\"lazy\" decoding=\"async\" class=\"alignnone size-full wp-image-19085\" style=\"cursor: pointer;\" src=\"https:\/\/artaceramic.com\/wp-content\/uploads\/2023\/09\/Blau-1.png\" alt=\"Blau\" width=\"80\" height=\"80\" \/> <img loading=\"lazy\" decoding=\"async\" class=\"alignnone size-full wp-image-19089\" style=\"cursor: pointer;\" src=\"https:\/\/artaceramic.com\/wp-content\/uploads\/2023\/09\/Schwarz-1.png\" alt=\"Schwarz\" width=\"80\" height=\"80\" \/><\/p>\n<p><img loading=\"lazy\" decoding=\"async\" class=\"alignnone size-full wp-image-19093\" style=\"cursor: pointer;\" src=\"https:\/\/artaceramic.com\/wp-content\/uploads\/2023\/09\/Blume-Warm-1.png\" alt=\"Blume Warm\" width=\"80\" height=\"80\" \/> <img loading=\"lazy\" decoding=\"async\" class=\"alignnone size-full wp-image-19095\" style=\"cursor: pointer;\" src=\"https:\/\/artaceramic.com\/wp-content\/uploads\/2023\/09\/Korola-Warm-1.png\" alt=\"Korola Warm\" width=\"80\" height=\"80\" \/> <img loading=\"lazy\" decoding=\"async\" class=\"alignnone size-full wp-image-19097\" style=\"cursor: pointer;\" src=\"https:\/\/artaceramic.com\/wp-content\/uploads\/2023\/09\/Punkt-Warm-1.png\" alt=\"Punkt Warm\" width=\"80\" height=\"80\" \/> <img loading=\"lazy\" decoding=\"async\" class=\"alignnone size-full wp-image-19099\" style=\"cursor: pointer;\" src=\"https:\/\/artaceramic.com\/wp-content\/uploads\/2023\/09\/Blatt-Warm.png\" alt=\"Blatt Warm\" width=\"80\" height=\"80\" \/> <img loading=\"lazy\" decoding=\"async\" class=\"alignnone size-full wp-image-19101\" style=\"cursor: pointer;\" src=\"https:\/\/artaceramic.com\/wp-content\/uploads\/2023\/09\/Karo-Warm-1.png\" alt=\"Karo Warm\" width=\"80\" height=\"80\" \/> <img loading=\"lazy\" decoding=\"async\" class=\"alignnone size-full wp-image-19103\" style=\"cursor: pointer;\" src=\"https:\/\/artaceramic.com\/wp-content\/uploads\/2023\/09\/Mark-Warm-1.png\" alt=\"Mark Warm\" width=\"80\" height=\"80\" \/> <img loading=\"lazy\" decoding=\"async\" class=\"alignnone size-full wp-image-19107\" style=\"cursor: pointer;\" src=\"https:\/\/artaceramic.com\/wp-content\/uploads\/2023\/09\/Band-Warm-1.png\" alt=\"Band Warm\" width=\"80\" height=\"80\" \/> <img loading=\"lazy\" decoding=\"async\" class=\"alignnone size-full wp-image-19109\" style=\"cursor: pointer;\" src=\"https:\/\/artaceramic.com\/wp-content\/uploads\/2023\/09\/Domino-Warm-1.png\" alt=\"Domino Warm\" width=\"80\" height=\"80\" \/> <img loading=\"lazy\" decoding=\"async\" class=\"alignnone size-full wp-image-19111\" style=\"cursor: pointer;\" src=\"https:\/\/artaceramic.com\/wp-content\/uploads\/2023\/09\/Stritch-Warm-1.png\" alt=\"Stritch Warm\" width=\"80\" height=\"80\" \/><\/p>\n<p><img loading=\"lazy\" decoding=\"async\" class=\"alignnone size-full wp-image-19113\" style=\"cursor: pointer;\" src=\"https:\/\/artaceramic.com\/wp-content\/uploads\/2023\/09\/Blume-Cold-1.png\" alt=\"Blume Cold\" width=\"80\" height=\"80\" \/> <img loading=\"lazy\" decoding=\"async\" class=\"alignnone size-full wp-image-19115\" style=\"cursor: pointer;\" src=\"https:\/\/artaceramic.com\/wp-content\/uploads\/2023\/09\/Korolla-Cold-1.png\" alt=\"Korola Cold\" width=\"80\" height=\"80\" \/> <img loading=\"lazy\" decoding=\"async\" class=\"alignnone size-full wp-image-19117\" style=\"cursor: pointer;\" src=\"https:\/\/artaceramic.com\/wp-content\/uploads\/2023\/09\/Punkt-Cold-1.png\" alt=\"Punkt Cold\" width=\"80\" height=\"80\" \/> <img loading=\"lazy\" decoding=\"async\" class=\"alignnone size-full wp-image-19119\" style=\"cursor: pointer;\" src=\"https:\/\/artaceramic.com\/wp-content\/uploads\/2023\/09\/Blatt-Cold-1.png\" alt=\"Blatt Cold\" width=\"80\" height=\"80\" \/> <img loading=\"lazy\" decoding=\"async\" class=\"alignnone size-full wp-image-19121\" style=\"cursor: pointer;\" src=\"https:\/\/artaceramic.com\/wp-content\/uploads\/2023\/09\/Karo-Cold-1.png\" alt=\"Karo Cold\" width=\"80\" height=\"80\" \/> <img loading=\"lazy\" decoding=\"async\" class=\"alignnone size-full wp-image-19123\" style=\"cursor: pointer;\" src=\"https:\/\/artaceramic.com\/wp-content\/uploads\/2023\/09\/Mark-Cold.png\" alt=\"Mark Cold\" width=\"80\" height=\"80\" \/> <img loading=\"lazy\" decoding=\"async\" class=\"alignnone size-full wp-image-19125\" style=\"cursor: pointer;\" src=\"https:\/\/artaceramic.com\/wp-content\/uploads\/2023\/09\/Band-Cold-1.png\" alt=\"Band Cold\" width=\"80\" height=\"80\" \/> <img loading=\"lazy\" decoding=\"async\" class=\"alignnone size-full wp-image-19127\" style=\"cursor: pointer;\" src=\"https:\/\/artaceramic.com\/wp-content\/uploads\/2023\/09\/Domino-Cold-1.png\" alt=\"Domino Cold\" width=\"80\" height=\"80\" \/> <img loading=\"lazy\" decoding=\"async\" class=\"alignnone size-full wp-image-19129\" style=\"cursor: pointer;\" src=\"https:\/\/artaceramic.com\/wp-content\/uploads\/2023\/09\/Stritch-Cold-1.png\" alt=\"Stritch Cold\" width=\"80\" height=\"80\" \/><\/p>\n","protected":false},"featured_media":18998,"template":"","meta":[],"product_brand":[],"product_cat":[66,100],"product_tag":[],"class_list":{"0":"post-19131","1":"product","2":"type-product","3":"status-publish","4":"has-post-thumbnail","6":"product_cat-carreaux","7":"product_cat-ceramique-et-porcelaine","8":"pa_colors-blanc","9":"pa_colors-bleu","10":"pa_colors-gris","11":"pa_colors-multicolore","12":"pa_colors-noir","13":"pa_colors-orange-fr","14":"pa_colors-rose","15":"pa_colors-vert","16":"pa_sizes-8x8-fr","17":"pa_thickness-9mm-fr","19":"first","20":"instock","21":"shipping-taxable","22":"product-type-simple"},"_links":{"self":[{"href":"https:\/\/artaceramic.com\/fr\/wp-json\/wp\/v2\/product\/19131","targetHints":{"allow":["GET"]}}],"collection":[{"href":"https:\/\/artaceramic.com\/fr\/wp-json\/wp\/v2\/product"}],"about":[{"href":"https:\/\/artaceramic.com\/fr\/wp-json\/wp\/v2\/types\/product"}],"wp:featuredmedia":[{"embeddable":true,"href":"https:\/\/artaceramic.com\/fr\/wp-json\/wp\/v2\/media\/18998"}],"wp:attachment":[{"href":"https:\/\/artaceramic.com\/fr\/wp-json\/wp\/v2\/media?parent=19131"}],"wp:term":[{"taxonomy":"product_brand","embeddable":true,"href":"https:\/\/artaceramic.com\/fr\/wp-json\/wp\/v2\/product_brand?post=19131"},{"taxonomy":"product_cat","embeddable":true,"href":"https:\/\/artaceramic.com\/fr\/wp-json\/wp\/v2\/product_cat?post=19131"},{"taxonomy":"product_tag","embeddable":true,"href":"https:\/\/artaceramic.com\/fr\/wp-json\/wp\/v2\/product_tag?post=19131"}],"curies":[{"name":"wp","href":"https:\/\/api.w.org\/{rel}","templated":true}]}}