{"id":18971,"date":"2023-09-02T13:50:17","date_gmt":"2023-09-02T17:50:17","guid":{"rendered":"https:\/\/artaceramic.com\/?post_type=product&#038;p=18971"},"modified":"2026-02-04T14:10:46","modified_gmt":"2026-02-04T19:10:46","slug":"bientot-bonbon","status":"publish","type":"product","link":"https:\/\/artaceramic.com\/fr\/produit\/bientot-bonbon\/","title":{"rendered":"BonBon"},"content":{"rendered":"<p>&nbsp;<\/p>\n<p>&nbsp;<\/p>\n","protected":false},"excerpt":{"rendered":"<p>Bon Bon est une collection de carreaux muraux en c\u00e9ramique faits \u00e0 la main en terre cuite \u00e9maill\u00e9e et avec une surface brillante qui rappelle le gla\u00e7age des bonbons. L&rsquo;ambiance de cette collection est fra\u00eeche et ludique en raison de ses couleurs pastel et de la forme Provenza qui stimule l&rsquo;imagination des designers, par ses nombreuses pi\u00e8ces sp\u00e9ciales et ses bords arqu\u00e9s caract\u00e9ristiques.<\/p>\n","protected":false},"featured_media":23716,"template":"","meta":[],"product_brand":[],"product_cat":[66,80,86],"product_tag":[],"class_list":{"0":"post-18971","1":"product","2":"type-product","3":"status-publish","4":"has-post-thumbnail","6":"product_cat-carreaux","7":"product_cat-carreaux-muraux","8":"product_cat-pierre-naturelle","9":"pa_colors-blanc","10":"pa_colors-gris","11":"pa_colors-multicolore","12":"pa_colors-rose","13":"pa_colors-vert","14":"pa_sizes-4x4-fr","15":"pa_sizes-4x7-fr","17":"first","18":"instock","19":"shipping-taxable","20":"product-type-simple"},"_links":{"self":[{"href":"https:\/\/artaceramic.com\/fr\/wp-json\/wp\/v2\/product\/18971","targetHints":{"allow":["GET"]}}],"collection":[{"href":"https:\/\/artaceramic.com\/fr\/wp-json\/wp\/v2\/product"}],"about":[{"href":"https:\/\/artaceramic.com\/fr\/wp-json\/wp\/v2\/types\/product"}],"wp:featuredmedia":[{"embeddable":true,"href":"https:\/\/artaceramic.com\/fr\/wp-json\/wp\/v2\/media\/23716"}],"wp:attachment":[{"href":"https:\/\/artaceramic.com\/fr\/wp-json\/wp\/v2\/media?parent=18971"}],"wp:term":[{"taxonomy":"product_brand","embeddable":true,"href":"https:\/\/artaceramic.com\/fr\/wp-json\/wp\/v2\/product_brand?post=18971"},{"taxonomy":"product_cat","embeddable":true,"href":"https:\/\/artaceramic.com\/fr\/wp-json\/wp\/v2\/product_cat?post=18971"},{"taxonomy":"product_tag","embeddable":true,"href":"https:\/\/artaceramic.com\/fr\/wp-json\/wp\/v2\/product_tag?post=18971"}],"curies":[{"name":"wp","href":"https:\/\/api.w.org\/{rel}","templated":true}]}}