{"id":18970,"date":"2023-09-02T15:22:27","date_gmt":"2023-09-02T19:22:27","guid":{"rendered":"https:\/\/artaceramic.com\/?post_type=product&#038;p=18970"},"modified":"2026-02-04T14:09:23","modified_gmt":"2026-02-04T19:09:23","slug":"bloom-copy","status":"publish","type":"product","link":"https:\/\/artaceramic.com\/fr\/produit\/bloom-copy\/","title":{"rendered":"Bloom"},"content":{"rendered":"<p>COMMANDE SP\u00c9CIALE<\/p>\n<p>FORMAT: 19.5 x 39.2<\/p>\n<p>MCX\/BO\u00ceTE: 2.00<\/p>\n<p>PC\/BO\u00ceTE: 10.76<\/p>\n","protected":false},"excerpt":{"rendered":"<p>La qu\u00eate d&rsquo;un lien plus \u00e9troit entre l&rsquo;homme et la nature se traduit par un univers multicolore qui apporte de nouvelles sensations visuelles et tactiques \u00e0 nos espaces. Bloom est une explosion de motifs floraux et botaniques sinueux et incroyablement textur\u00e9s, un rev\u00eatement pour concevoir des paysages dans lesquels se perdre, accompagn\u00e9s de notes multisensorielles enveloppantes.<\/p>\n<h4>COULEURS DISPONIBLES<\/h4>\n<p><span id=\"color-name\"><\/span><br \/>\n<img decoding=\"async\" class=\"alignnone size-full wp-image-18949\" style=\"cursor: pointer;\" src=\"https:\/\/artaceramic.com\/wp-content\/uploads\/2023\/09\/Trama-Avorio.png\" alt=\"Trama Avorio\" width=\"80\" height=\"80\" \/> <img decoding=\"async\" class=\"alignnone size-full wp-image-18951\" style=\"cursor: pointer;\" src=\"https:\/\/artaceramic.com\/wp-content\/uploads\/2023\/09\/Trama-Avio.png\" alt=\"Trama Avio\" width=\"80\" height=\"80\" \/> <img decoding=\"async\" class=\"alignnone size-full wp-image-18953\" style=\"cursor: pointer;\" src=\"https:\/\/artaceramic.com\/wp-content\/uploads\/2023\/09\/Venere-Avorio.png\" alt=\"Venere Avorio\" width=\"80\" height=\"80\" \/> <img loading=\"lazy\" decoding=\"async\" class=\"alignnone size-full wp-image-18955\" style=\"cursor: pointer;\" src=\"https:\/\/artaceramic.com\/wp-content\/uploads\/2023\/09\/Venere-Avio.png\" alt=\"Venere Avio\" width=\"80\" height=\"80\" \/> <img loading=\"lazy\" decoding=\"async\" class=\"alignnone size-full wp-image-18957\" style=\"cursor: pointer;\" src=\"https:\/\/artaceramic.com\/wp-content\/uploads\/2023\/09\/Genus-Avorio.png\" alt=\"Genus Avorio\" width=\"80\" height=\"80\" \/><\/p>\n<p><img loading=\"lazy\" decoding=\"async\" class=\"alignnone size-full wp-image-18959\" style=\"cursor: pointer;\" src=\"https:\/\/artaceramic.com\/wp-content\/uploads\/2023\/09\/Genus-Avio.png\" alt=\"Genus Avio\" width=\"80\" height=\"80\" \/> <img loading=\"lazy\" decoding=\"async\" class=\"alignnone size-full wp-image-18961\" style=\"cursor: pointer;\" src=\"https:\/\/artaceramic.com\/wp-content\/uploads\/2023\/09\/Seta-Avorio.png\" alt=\"Seta Avorio\" width=\"80\" height=\"80\" \/> <img loading=\"lazy\" decoding=\"async\" class=\"alignnone size-full wp-image-18963\" style=\"cursor: pointer;\" src=\"https:\/\/artaceramic.com\/wp-content\/uploads\/2023\/09\/Seta-Avio.png\" alt=\"Seta Avio\" width=\"80\" height=\"80\" \/> <img loading=\"lazy\" decoding=\"async\" class=\"alignnone size-medium wp-image-18965\" style=\"cursor: pointer;\" src=\"https:\/\/artaceramic.com\/wp-content\/uploads\/2023\/09\/Loto-Avio.png\" alt=\"Leto Avorio\" width=\"80\" height=\"80\" \/> <img loading=\"lazy\" decoding=\"async\" class=\"alignnone size-medium wp-image-18967\" style=\"cursor: pointer;\" src=\"https:\/\/artaceramic.com\/wp-content\/uploads\/2023\/09\/Loto-Avorio.png\" alt=\"Loto Avio\" width=\"80\" height=\"80\" \/><\/p>\n","protected":false},"featured_media":18922,"template":"","meta":[],"product_brand":[],"product_cat":[66,80,100],"product_tag":[],"class_list":{"0":"post-18970","1":"product","2":"type-product","3":"status-publish","4":"has-post-thumbnail","6":"product_cat-carreaux","7":"product_cat-carreaux-muraux","8":"product_cat-ceramique-et-porcelaine","9":"pa_colors-blanc","10":"pa_colors-bleu","11":"pa_colors-multicolore","12":"pa_sizes-20x40-fr","14":"first","15":"instock","16":"shipping-taxable","17":"product-type-simple"},"_links":{"self":[{"href":"https:\/\/artaceramic.com\/fr\/wp-json\/wp\/v2\/product\/18970","targetHints":{"allow":["GET"]}}],"collection":[{"href":"https:\/\/artaceramic.com\/fr\/wp-json\/wp\/v2\/product"}],"about":[{"href":"https:\/\/artaceramic.com\/fr\/wp-json\/wp\/v2\/types\/product"}],"wp:featuredmedia":[{"embeddable":true,"href":"https:\/\/artaceramic.com\/fr\/wp-json\/wp\/v2\/media\/18922"}],"wp:attachment":[{"href":"https:\/\/artaceramic.com\/fr\/wp-json\/wp\/v2\/media?parent=18970"}],"wp:term":[{"taxonomy":"product_brand","embeddable":true,"href":"https:\/\/artaceramic.com\/fr\/wp-json\/wp\/v2\/product_brand?post=18970"},{"taxonomy":"product_cat","embeddable":true,"href":"https:\/\/artaceramic.com\/fr\/wp-json\/wp\/v2\/product_cat?post=18970"},{"taxonomy":"product_tag","embeddable":true,"href":"https:\/\/artaceramic.com\/fr\/wp-json\/wp\/v2\/product_tag?post=18970"}],"curies":[{"name":"wp","href":"https:\/\/api.w.org\/{rel}","templated":true}]}}