{"id":18906,"date":"2023-09-02T12:52:09","date_gmt":"2023-09-02T16:52:09","guid":{"rendered":"https:\/\/artaceramic.com\/?post_type=product&#038;p=18906"},"modified":"2026-02-04T14:11:52","modified_gmt":"2026-02-04T19:11:52","slug":"bientot-dorica","status":"publish","type":"product","link":"https:\/\/artaceramic.com\/fr\/produit\/bientot-dorica\/","title":{"rendered":"Dorica"},"content":{"rendered":"<p>FORMAT: 24X48<\/p>\n<p>MCX\/BO\u00ceTE: 2.00<\/p>\n<p>PC\/BO\u00ceTE: 15.55<\/p>\n<p>&nbsp;<\/p>\n","protected":false},"excerpt":{"rendered":"<p>Dorica renouvelle l\u2019esth\u00e9tique du marbre travertin avec des surfaces qui se distinguent par un r\u00e9alisme \u00e0 l\u2019effet presque tridimensionnel. Le projet joue avec de multiples formats et alterne entre diff\u00e9rentes finitions, con\u00e7ues pour r\u00e9pondre aux besoins des espaces int\u00e9rieurs et ext\u00e9rieurs. \u00c0 tout cela s\u2019ajoute une finition effet vieilli surprenante qui n\u2019est pas sans rappeler l\u2019aspect brillant et us\u00e9 de certains monuments de la tradition italienne.<\/p>\n<h4>COULEURS DISPONIBLES<\/h4>\n<p><span id=\"color-name\"><\/span><br \/>\n<img decoding=\"async\" class=\"alignnone wp-image-18876\" style=\"cursor: pointer;\" src=\"https:\/\/artaceramic.com\/wp-content\/uploads\/2023\/09\/1090.jpg\" alt=\"Avorio\" width=\"80\" height=\"80\" srcset=\"https:\/\/artaceramic.com\/wp-content\/uploads\/2023\/09\/1090.jpg 800w, https:\/\/artaceramic.com\/wp-content\/uploads\/2023\/09\/1090-768x768.jpg 768w, https:\/\/artaceramic.com\/wp-content\/uploads\/2023\/09\/1090-100x100.jpg 100w\" sizes=\"(max-width: 80px) 100vw, 80px\" \/> <img decoding=\"async\" class=\"alignnone wp-image-18878\" style=\"cursor: pointer;\" src=\"https:\/\/artaceramic.com\/wp-content\/uploads\/2023\/09\/1091.jpg\" alt=\"Crema\" width=\"80\" height=\"80\" srcset=\"https:\/\/artaceramic.com\/wp-content\/uploads\/2023\/09\/1091.jpg 800w, https:\/\/artaceramic.com\/wp-content\/uploads\/2023\/09\/1091-768x768.jpg 768w, https:\/\/artaceramic.com\/wp-content\/uploads\/2023\/09\/1091-100x100.jpg 100w\" sizes=\"(max-width: 80px) 100vw, 80px\" \/> <img decoding=\"async\" class=\"alignnone wp-image-18882\" style=\"cursor: pointer;\" src=\"https:\/\/artaceramic.com\/wp-content\/uploads\/2023\/09\/1093.jpg\" alt=\"Degrade\" width=\"80\" height=\"80\" srcset=\"https:\/\/artaceramic.com\/wp-content\/uploads\/2023\/09\/1093.jpg 800w, https:\/\/artaceramic.com\/wp-content\/uploads\/2023\/09\/1093-768x768.jpg 768w, https:\/\/artaceramic.com\/wp-content\/uploads\/2023\/09\/1093-100x100.jpg 100w\" sizes=\"(max-width: 80px) 100vw, 80px\" \/> <img loading=\"lazy\" decoding=\"async\" class=\"alignnone wp-image-18880\" style=\"cursor: pointer;\" src=\"https:\/\/artaceramic.com\/wp-content\/uploads\/2023\/09\/1092.jpg\" alt=\"Greige\" width=\"80\" height=\"80\" srcset=\"https:\/\/artaceramic.com\/wp-content\/uploads\/2023\/09\/1092.jpg 800w, https:\/\/artaceramic.com\/wp-content\/uploads\/2023\/09\/1092-768x768.jpg 768w, https:\/\/artaceramic.com\/wp-content\/uploads\/2023\/09\/1092-100x100.jpg 100w\" sizes=\"(max-width: 80px) 100vw, 80px\" \/><\/p>\n","protected":false},"featured_media":18899,"template":"","meta":[],"product_brand":[],"product_cat":[66,100],"product_tag":[],"class_list":{"0":"post-18906","1":"product","2":"type-product","3":"status-publish","4":"has-post-thumbnail","6":"product_cat-carreaux","7":"product_cat-ceramique-et-porcelaine","8":"pa_colors-beige-fr","9":"pa_colors-greige-fr","10":"pa_colors-gris","11":"pa_colors-multicolore","12":"pa_sizes-24x48-fr","13":"pa_thickness-8-5mm-fr","15":"first","16":"instock","17":"shipping-taxable","18":"product-type-simple"},"_links":{"self":[{"href":"https:\/\/artaceramic.com\/fr\/wp-json\/wp\/v2\/product\/18906","targetHints":{"allow":["GET"]}}],"collection":[{"href":"https:\/\/artaceramic.com\/fr\/wp-json\/wp\/v2\/product"}],"about":[{"href":"https:\/\/artaceramic.com\/fr\/wp-json\/wp\/v2\/types\/product"}],"wp:featuredmedia":[{"embeddable":true,"href":"https:\/\/artaceramic.com\/fr\/wp-json\/wp\/v2\/media\/18899"}],"wp:attachment":[{"href":"https:\/\/artaceramic.com\/fr\/wp-json\/wp\/v2\/media?parent=18906"}],"wp:term":[{"taxonomy":"product_brand","embeddable":true,"href":"https:\/\/artaceramic.com\/fr\/wp-json\/wp\/v2\/product_brand?post=18906"},{"taxonomy":"product_cat","embeddable":true,"href":"https:\/\/artaceramic.com\/fr\/wp-json\/wp\/v2\/product_cat?post=18906"},{"taxonomy":"product_tag","embeddable":true,"href":"https:\/\/artaceramic.com\/fr\/wp-json\/wp\/v2\/product_tag?post=18906"}],"curies":[{"name":"wp","href":"https:\/\/api.w.org\/{rel}","templated":true}]}}