{"id":18873,"date":"2023-09-02T12:28:55","date_gmt":"2023-09-02T16:28:55","guid":{"rendered":"https:\/\/artaceramic.com\/?post_type=product&#038;p=18873"},"modified":"2026-02-04T14:15:04","modified_gmt":"2026-02-04T19:15:04","slug":"policroma","status":"publish","type":"product","link":"https:\/\/artaceramic.com\/fr\/produit\/policroma\/","title":{"rendered":"Policroma"},"content":{"rendered":"<p>COMMANDE SP\u00c9CIALE<\/p>\n<p>FORMAT: 48 x 95<\/p>\n<p>MCX\/BO\u00ceTE: 1.00<\/p>\n<p>PC\/BO\u00ceTES : 31.66<\/p>\n<p>\u00c9PAISSEUR : 6.00 MM<\/p>\n<p>&nbsp;<\/p>\n<p>FORMAT: 48 x 48<\/p>\n<p>MCX\/BO\u00ceTE: 1.00<\/p>\n<p>PC\/BO\u00ceTE: 15.15<\/p>\n<p>\u00c9PAISSEUR : 6.00 MM<\/p>\n<p>&nbsp;<\/p>\n<p>FORMAT: 24 x 48<\/p>\n<p>MCX\/BO\u00ceTE: 2.00<\/p>\n<p>PC\/BO\u00ceTE: 15.55<\/p>\n<p>\u00c9PAISSEUR : 6.00 MM<\/p>\n","protected":false},"excerpt":{"rendered":"<p class=\"no_margin text_in showed\">G\u00e9om\u00e9tries r\u00e9currentes, combinaisons de figures. Marbre et pl\u00e2tre marmorino : comparaison et dialogue.<\/p>\n<p>&nbsp;<\/p>\n<h4>COULEURS DISPONIBLES<\/h4>\n<p><span id=\"color-name\"><\/span><br \/>\n<img decoding=\"async\" class=\"alignnone size-full wp-image-18841\" style=\"cursor: pointer;\" src=\"https:\/\/artaceramic.com\/wp-content\/uploads\/2023\/09\/Breccia.png\" alt=\"Breccia\" width=\"80\" height=\"80\" \/> <img decoding=\"async\" class=\"alignnone size-full wp-image-18845\" style=\"cursor: pointer;\" src=\"https:\/\/artaceramic.com\/wp-content\/uploads\/2023\/09\/Lichene.png\" alt=\"Lechene\" width=\"80\" height=\"80\" \/> <img decoding=\"async\" class=\"alignnone size-full wp-image-18839\" style=\"cursor: pointer;\" src=\"https:\/\/artaceramic.com\/wp-content\/uploads\/2023\/09\/Alpi.png\" alt=\"Alpi\" width=\"80\" height=\"80\" \/> <img loading=\"lazy\" decoding=\"async\" class=\"alignnone size-full wp-image-18847\" style=\"cursor: pointer;\" src=\"https:\/\/artaceramic.com\/wp-content\/uploads\/2023\/09\/Valtoce.png\" alt=\"Valtoce\" width=\"80\" height=\"80\" \/> <img loading=\"lazy\" decoding=\"async\" class=\"alignnone size-full wp-image-18843\" style=\"cursor: pointer;\" src=\"https:\/\/artaceramic.com\/wp-content\/uploads\/2023\/09\/Cipria.png\" alt=\"Cipria\" width=\"80\" height=\"80\" \/> <img loading=\"lazy\" decoding=\"async\" class=\"alignnone onclick=\" style=\"cursor: pointer;\" src=\"https:\/\/artaceramic.com\/wp-content\/uploads\/2023\/09\/6.png\" alt=\"Cipollino\" width=\"80\" height=\"80\" \/><\/p>\n","protected":false},"featured_media":18852,"template":"","meta":[],"product_brand":[],"product_cat":[66,100],"product_tag":[],"class_list":{"0":"post-18873","1":"product","2":"type-product","3":"status-publish","4":"has-post-thumbnail","6":"product_cat-carreaux","7":"product_cat-ceramique-et-porcelaine","8":"pa_colors-blanc","9":"pa_colors-multicolore","10":"pa_colors-rose","11":"pa_colors-vert","12":"pa_colors-violet","13":"pa_sizes-24x48-fr","14":"pa_sizes-48x48-fr","15":"pa_sizes-48x95-fr","16":"pa_thickness-6mm-fr","18":"first","19":"instock","20":"shipping-taxable","21":"product-type-simple"},"_links":{"self":[{"href":"https:\/\/artaceramic.com\/fr\/wp-json\/wp\/v2\/product\/18873","targetHints":{"allow":["GET"]}}],"collection":[{"href":"https:\/\/artaceramic.com\/fr\/wp-json\/wp\/v2\/product"}],"about":[{"href":"https:\/\/artaceramic.com\/fr\/wp-json\/wp\/v2\/types\/product"}],"wp:featuredmedia":[{"embeddable":true,"href":"https:\/\/artaceramic.com\/fr\/wp-json\/wp\/v2\/media\/18852"}],"wp:attachment":[{"href":"https:\/\/artaceramic.com\/fr\/wp-json\/wp\/v2\/media?parent=18873"}],"wp:term":[{"taxonomy":"product_brand","embeddable":true,"href":"https:\/\/artaceramic.com\/fr\/wp-json\/wp\/v2\/product_brand?post=18873"},{"taxonomy":"product_cat","embeddable":true,"href":"https:\/\/artaceramic.com\/fr\/wp-json\/wp\/v2\/product_cat?post=18873"},{"taxonomy":"product_tag","embeddable":true,"href":"https:\/\/artaceramic.com\/fr\/wp-json\/wp\/v2\/product_tag?post=18873"}],"curies":[{"name":"wp","href":"https:\/\/api.w.org\/{rel}","templated":true}]}}