{"id":18596,"date":"2023-08-31T15:02:31","date_gmt":"2023-08-31T19:02:31","guid":{"rendered":"https:\/\/artaceramic.com\/?post_type=product&#038;p=18596"},"modified":"2026-02-04T14:22:00","modified_gmt":"2026-02-04T19:22:00","slug":"nouveau-revesta","status":"publish","type":"product","link":"https:\/\/artaceramic.com\/fr\/produit\/nouveau-revesta\/","title":{"rendered":"Revesta"},"content":{"rendered":"<p>COMMANDE SP\u00c9CIALE<\/p>\n<p>FORMAT: 13,2 x 40<\/p>\n<p>PC\/BO\u00ceTE: 13.88<\/p>\n<p>MCX\/BO\u00ceTE: 4<\/p>\n","protected":false},"excerpt":{"rendered":"<p>Un projet rigoureux pr\u00eat \u00e0 accueillir les nouveaux gestes impromptus dans un dialogue nou\u00e9 entre pass\u00e9 et pr\u00e9sent. Una nouvelle id\u00e9e de l&rsquo;int\u00e9rieur donne toute sa place au design, \u00e0 l&rsquo;ancrage dans l&rsquo;histoire et aux produits d&rsquo;excellence de notre territoire.<\/p>\n<h4>COULEURS DISPONIBLES<\/h4>\n<p><span id=\"color-name\"><\/span><br \/>\n<img decoding=\"async\" class=\"alignnone size-full wp-image-18545\" style=\"cursor: pointer;\" src=\"https:\/\/artaceramic.com\/wp-content\/uploads\/2023\/08\/Losanva-Nuvola.png\" alt=\"Losanga Nuvola\" width=\"80\" height=\"80\" \/> <img decoding=\"async\" class=\"alignnone size-full wp-image-18547\" style=\"cursor: pointer;\" src=\"https:\/\/artaceramic.com\/wp-content\/uploads\/2023\/08\/Losanga-Tortora.png\" alt=\"Tortora\" width=\"80\" height=\"80\" \/> <img decoding=\"async\" class=\"alignnone size-full wp-image-18549\" style=\"cursor: pointer;\" src=\"https:\/\/artaceramic.com\/wp-content\/uploads\/2023\/08\/Losanga-Sage.png\" alt=\"Losanga Sage\" width=\"80\" height=\"80\" \/> <img loading=\"lazy\" decoding=\"async\" class=\"alignnone size-medium wp-image-18551\" style=\"cursor: pointer;\" src=\"https:\/\/artaceramic.com\/wp-content\/uploads\/2023\/08\/Losanga-Avio.png\" alt=\"Losanga Avio\" width=\"80\" height=\"80\" \/><\/p>\n<p><img loading=\"lazy\" decoding=\"async\" class=\"alignnone size-full wp-image-18555\" style=\"cursor: pointer;\" src=\"https:\/\/artaceramic.com\/wp-content\/uploads\/2023\/08\/Felci-1.png\" alt=\"Felci\" width=\"80\" height=\"80\" \/> <img loading=\"lazy\" decoding=\"async\" class=\"alignnone size-full wp-image-18557\" style=\"cursor: pointer;\" src=\"https:\/\/artaceramic.com\/wp-content\/uploads\/2023\/08\/Lilium.png\" alt=\"Lilium\" width=\"80\" height=\"80\" \/> <img loading=\"lazy\" decoding=\"async\" class=\"alignnone size-full wp-image-18559\" style=\"cursor: pointer;\" src=\"https:\/\/artaceramic.com\/wp-content\/uploads\/2023\/08\/Frammenti.png\" alt=\"Frammenti\" width=\"80\" height=\"80\" \/><\/p>\n<p>&nbsp;<\/p>\n","protected":false},"featured_media":18562,"template":"","meta":[],"product_brand":[],"product_cat":[66,80,100],"product_tag":[],"class_list":{"0":"post-18596","1":"product","2":"type-product","3":"status-publish","4":"has-post-thumbnail","6":"product_cat-carreaux","7":"product_cat-carreaux-muraux","8":"product_cat-ceramique-et-porcelaine","9":"pa_colors-blanc","10":"pa_colors-bleu","11":"pa_colors-gris","12":"pa_colors-multicolore","13":"pa_colors-taupe-fr","14":"pa_colors-vert","15":"pa_sizes-14x40-fr","17":"first","18":"instock","19":"shipping-taxable","20":"product-type-simple"},"_links":{"self":[{"href":"https:\/\/artaceramic.com\/fr\/wp-json\/wp\/v2\/product\/18596","targetHints":{"allow":["GET"]}}],"collection":[{"href":"https:\/\/artaceramic.com\/fr\/wp-json\/wp\/v2\/product"}],"about":[{"href":"https:\/\/artaceramic.com\/fr\/wp-json\/wp\/v2\/types\/product"}],"wp:featuredmedia":[{"embeddable":true,"href":"https:\/\/artaceramic.com\/fr\/wp-json\/wp\/v2\/media\/18562"}],"wp:attachment":[{"href":"https:\/\/artaceramic.com\/fr\/wp-json\/wp\/v2\/media?parent=18596"}],"wp:term":[{"taxonomy":"product_brand","embeddable":true,"href":"https:\/\/artaceramic.com\/fr\/wp-json\/wp\/v2\/product_brand?post=18596"},{"taxonomy":"product_cat","embeddable":true,"href":"https:\/\/artaceramic.com\/fr\/wp-json\/wp\/v2\/product_cat?post=18596"},{"taxonomy":"product_tag","embeddable":true,"href":"https:\/\/artaceramic.com\/fr\/wp-json\/wp\/v2\/product_tag?post=18596"}],"curies":[{"name":"wp","href":"https:\/\/api.w.org\/{rel}","templated":true}]}}