{"id":18543,"date":"2023-08-31T14:08:56","date_gmt":"2023-08-31T18:08:56","guid":{"rendered":"https:\/\/artaceramic.com\/?post_type=product&#038;p=18543"},"modified":"2026-02-04T14:23:31","modified_gmt":"2026-02-04T19:23:31","slug":"navona","status":"publish","type":"product","link":"https:\/\/artaceramic.com\/fr\/produit\/navona\/","title":{"rendered":"Navona"},"content":{"rendered":"<p><strong>COMMANDE SP\u00c9CIALE<\/strong><\/p>\n<p>FORMAT: 24X48<\/p>\n<p>PC\/BO\u00ceTE: 15.50<\/p>\n<p>MCX\/BO\u00ceTE: 2.00<\/p>\n","protected":false},"excerpt":{"rendered":"<p>Utilis\u00e9 depuis l&rsquo;\u00e9poque de la civilisation romaine, le travertin est l&rsquo;un des marbres les plus courants dans les b\u00e2timents anciens et il a continu\u00e9 d&rsquo;influencer le travail des artistes et des architectes au cours des si\u00e8cles suivants, jusqu&rsquo;\u00e0 l&rsquo;\u00e2ge moderne et contemporain. Le travertin, qui est reconnaissable par les trous caract\u00e9ristiques \u00e0 la surface, une fois qu&rsquo;il a \u00e9t\u00e9 pos\u00e9, n\u00e9cessite que ces porosit\u00e9s soient jointoy\u00e9es avec du ciment ou de la r\u00e9sine.<\/p>\n<h4>COULEURS DISPONIBLES<\/h4>\n<p><span id=\"color-name\"><\/span><br \/>\n<img decoding=\"async\" class=\"alignnone wp-image-18516\" style=\"cursor: pointer;\" src=\"https:\/\/artaceramic.com\/wp-content\/uploads\/2023\/08\/895.jpg\" alt=\"Bone Vein\" width=\"80\" height=\"80\" srcset=\"https:\/\/artaceramic.com\/wp-content\/uploads\/2023\/08\/895.jpg 800w, https:\/\/artaceramic.com\/wp-content\/uploads\/2023\/08\/895-768x768.jpg 768w, https:\/\/artaceramic.com\/wp-content\/uploads\/2023\/08\/895-100x100.jpg 100w\" sizes=\"(max-width: 80px) 100vw, 80px\" \/> <img decoding=\"async\" class=\"alignnone wp-image-18518\" style=\"cursor: pointer;\" src=\"https:\/\/artaceramic.com\/wp-content\/uploads\/2023\/08\/896.jpg\" alt=\"Bone Cross\" width=\"80\" height=\"80\" srcset=\"https:\/\/artaceramic.com\/wp-content\/uploads\/2023\/08\/896.jpg 800w, https:\/\/artaceramic.com\/wp-content\/uploads\/2023\/08\/896-768x768.jpg 768w, https:\/\/artaceramic.com\/wp-content\/uploads\/2023\/08\/896-100x100.jpg 100w\" sizes=\"(max-width: 80px) 100vw, 80px\" \/> <img decoding=\"async\" class=\"alignnone wp-image-18520\" style=\"cursor: pointer;\" src=\"https:\/\/artaceramic.com\/wp-content\/uploads\/2023\/08\/899.jpg\" alt=\"Grey Vein\" width=\"80\" height=\"80\" srcset=\"https:\/\/artaceramic.com\/wp-content\/uploads\/2023\/08\/899.jpg 800w, https:\/\/artaceramic.com\/wp-content\/uploads\/2023\/08\/899-768x768.jpg 768w, https:\/\/artaceramic.com\/wp-content\/uploads\/2023\/08\/899-100x100.jpg 100w\" sizes=\"(max-width: 80px) 100vw, 80px\" \/> <img loading=\"lazy\" decoding=\"async\" class=\"alignnone wp-image-18522\" style=\"cursor: pointer;\" src=\"https:\/\/artaceramic.com\/wp-content\/uploads\/2023\/08\/900.jpg\" alt=\"Grey Cross\" width=\"80\" height=\"80\" srcset=\"https:\/\/artaceramic.com\/wp-content\/uploads\/2023\/08\/900.jpg 800w, https:\/\/artaceramic.com\/wp-content\/uploads\/2023\/08\/900-768x768.jpg 768w, https:\/\/artaceramic.com\/wp-content\/uploads\/2023\/08\/900-100x100.jpg 100w\" sizes=\"(max-width: 80px) 100vw, 80px\" \/> <img loading=\"lazy\" decoding=\"async\" class=\"alignnone wp-image-18524\" style=\"cursor: pointer;\" src=\"https:\/\/artaceramic.com\/wp-content\/uploads\/2023\/08\/897.jpg\" alt=\"Honey Vein\" width=\"80\" height=\"80\" srcset=\"https:\/\/artaceramic.com\/wp-content\/uploads\/2023\/08\/897.jpg 800w, https:\/\/artaceramic.com\/wp-content\/uploads\/2023\/08\/897-768x768.jpg 768w, https:\/\/artaceramic.com\/wp-content\/uploads\/2023\/08\/897-100x100.jpg 100w\" sizes=\"(max-width: 80px) 100vw, 80px\" \/> <img loading=\"lazy\" decoding=\"async\" class=\"alignnone wp-image-18526\" style=\"cursor: pointer;\" src=\"https:\/\/artaceramic.com\/wp-content\/uploads\/2023\/08\/898.jpg\" alt=\"Honey Cross\" width=\"80\" height=\"80\" srcset=\"https:\/\/artaceramic.com\/wp-content\/uploads\/2023\/08\/898.jpg 800w, https:\/\/artaceramic.com\/wp-content\/uploads\/2023\/08\/898-768x768.jpg 768w, https:\/\/artaceramic.com\/wp-content\/uploads\/2023\/08\/898-100x100.jpg 100w\" sizes=\"(max-width: 80px) 100vw, 80px\" \/><\/p>\n","protected":false},"featured_media":18531,"template":"","meta":[],"product_brand":[],"product_cat":[66,100],"product_tag":[],"class_list":{"0":"post-18543","1":"product","2":"type-product","3":"status-publish","4":"has-post-thumbnail","6":"product_cat-carreaux","7":"product_cat-ceramique-et-porcelaine","8":"pa_colors-beige-fr","9":"pa_colors-gris","10":"pa_colors-ivoire","11":"pa_sizes-24x48-fr","12":"pa_thickness-8-5mm-fr","14":"first","15":"instock","16":"shipping-taxable","17":"product-type-simple"},"_links":{"self":[{"href":"https:\/\/artaceramic.com\/fr\/wp-json\/wp\/v2\/product\/18543","targetHints":{"allow":["GET"]}}],"collection":[{"href":"https:\/\/artaceramic.com\/fr\/wp-json\/wp\/v2\/product"}],"about":[{"href":"https:\/\/artaceramic.com\/fr\/wp-json\/wp\/v2\/types\/product"}],"wp:featuredmedia":[{"embeddable":true,"href":"https:\/\/artaceramic.com\/fr\/wp-json\/wp\/v2\/media\/18531"}],"wp:attachment":[{"href":"https:\/\/artaceramic.com\/fr\/wp-json\/wp\/v2\/media?parent=18543"}],"wp:term":[{"taxonomy":"product_brand","embeddable":true,"href":"https:\/\/artaceramic.com\/fr\/wp-json\/wp\/v2\/product_brand?post=18543"},{"taxonomy":"product_cat","embeddable":true,"href":"https:\/\/artaceramic.com\/fr\/wp-json\/wp\/v2\/product_cat?post=18543"},{"taxonomy":"product_tag","embeddable":true,"href":"https:\/\/artaceramic.com\/fr\/wp-json\/wp\/v2\/product_tag?post=18543"}],"curies":[{"name":"wp","href":"https:\/\/api.w.org\/{rel}","templated":true}]}}