{"id":18151,"date":"2023-07-12T14:53:04","date_gmt":"2023-07-12T18:53:04","guid":{"rendered":"https:\/\/artaceramic.com\/?post_type=product&#038;p=18151"},"modified":"2026-02-06T09:27:28","modified_gmt":"2026-02-06T14:27:28","slug":"nouveau-bloom-copy","status":"publish","type":"product","link":"https:\/\/artaceramic.com\/fr\/produit\/nouveau-bloom-copy\/","title":{"rendered":"Tibur"},"content":{"rendered":"<div class=\"row\">\n<div>SIZE: MODULOR<\/div>\n<div>16X24<\/div>\n<div>16X16<\/div>\n<div>8X16<\/div>\n<div>8X8<\/div>\n<div>PC\/BO\u00ceTES: 7.8<\/div>\n<div>MCX\/BO\u00ceTES:6.00<\/div>\n<div><\/div>\n<\/div>\n<p>&nbsp;<\/p>\n","protected":false},"excerpt":{"rendered":"<p>Tibur rappelle le travertin romain, un mat\u00e9riau noble, vedette incontest\u00e9e de la Renaissance \u00e0 nos jours.<\/p>\n<h4 style=\"margin-bottom: 10px;\">COULEURS DISPONIBLES<br \/>\n<span id=\"color-name\"><\/span><\/h4>\n<p><img decoding=\"async\" class=\"alignnone wp-image-18165\" style=\"cursor: pointer;\" src=\"https:\/\/artaceramic.com\/wp-content\/uploads\/2023\/07\/Bianco-.png\" alt=\"Bianco\" width=\"80\" height=\"79\" srcset=\"https:\/\/artaceramic.com\/wp-content\/uploads\/2023\/07\/Bianco-.png 654w, https:\/\/artaceramic.com\/wp-content\/uploads\/2023\/07\/Bianco--100x100.png 100w\" sizes=\"(max-width: 80px) 100vw, 80px\" \/><\/p>\n","protected":false},"featured_media":18155,"template":"","meta":[],"product_brand":[],"product_cat":[66,100],"product_tag":[],"class_list":{"0":"post-18151","1":"product","2":"type-product","3":"status-publish","4":"has-post-thumbnail","6":"product_cat-carreaux","7":"product_cat-ceramique-et-porcelaine","8":"pa_colors-beige-fr","9":"pa_colors-ivoire","10":"pa_sizes-16x16-fr","11":"pa_sizes-16x24-fr","12":"pa_sizes-8x16-fr","13":"pa_sizes-8x8-fr","14":"pa_sizes-modulaire","15":"pa_thickness-8-5mm-fr","17":"first","18":"instock","19":"shipping-taxable","20":"product-type-simple"},"_links":{"self":[{"href":"https:\/\/artaceramic.com\/fr\/wp-json\/wp\/v2\/product\/18151","targetHints":{"allow":["GET"]}}],"collection":[{"href":"https:\/\/artaceramic.com\/fr\/wp-json\/wp\/v2\/product"}],"about":[{"href":"https:\/\/artaceramic.com\/fr\/wp-json\/wp\/v2\/types\/product"}],"wp:featuredmedia":[{"embeddable":true,"href":"https:\/\/artaceramic.com\/fr\/wp-json\/wp\/v2\/media\/18155"}],"wp:attachment":[{"href":"https:\/\/artaceramic.com\/fr\/wp-json\/wp\/v2\/media?parent=18151"}],"wp:term":[{"taxonomy":"product_brand","embeddable":true,"href":"https:\/\/artaceramic.com\/fr\/wp-json\/wp\/v2\/product_brand?post=18151"},{"taxonomy":"product_cat","embeddable":true,"href":"https:\/\/artaceramic.com\/fr\/wp-json\/wp\/v2\/product_cat?post=18151"},{"taxonomy":"product_tag","embeddable":true,"href":"https:\/\/artaceramic.com\/fr\/wp-json\/wp\/v2\/product_tag?post=18151"}],"curies":[{"name":"wp","href":"https:\/\/api.w.org\/{rel}","templated":true}]}}