{"id":17751,"date":"2023-05-10T10:08:29","date_gmt":"2023-05-10T14:08:29","guid":{"rendered":"https:\/\/artaceramic.com\/politique-de-confidentialite-pour-arta-ceramic\/"},"modified":"2026-02-24T13:15:42","modified_gmt":"2026-02-24T18:15:42","slug":"politique-de-confidentialite-pour-arta-ceramic","status":"publish","type":"page","link":"https:\/\/artaceramic.com\/fr\/politique-de-confidentialite-pour-arta-ceramic\/","title":{"rendered":"Politique de confidentialit\u00e9 pour Arta C\u00e9ramique"},"content":{"rendered":"\t\t<div data-elementor-type=\"wp-page\" data-elementor-id=\"17751\" class=\"elementor elementor-17751 elementor-13361\" data-elementor-post-type=\"page\">\n\t\t\t\t<div class=\"elementor-element elementor-element-c0c52c5 e-flex e-con-boxed e-con e-parent\" data-id=\"c0c52c5\" data-element_type=\"container\" data-e-type=\"container\">\n\t\t\t\t\t<div class=\"e-con-inner\">\n\t\t\t\t<div class=\"elementor-element elementor-element-d1c4289 elementor-widget elementor-widget-heading\" data-id=\"d1c4289\" data-element_type=\"widget\" data-e-type=\"widget\" data-widget_type=\"heading.default\">\n\t\t\t\t\t<h3 class=\"elementor-heading-title elementor-size-default\">Politique de confidentialit\u00e9 pour Arta C\u00e9ramique<\/h3>\t\t\t\t<\/div>\n\t\t\t\t<div class=\"elementor-element elementor-element-7be1dcd elementor-widget elementor-widget-text-editor\" data-id=\"7be1dcd\" data-element_type=\"widget\" data-e-type=\"widget\" data-widget_type=\"text-editor.default\">\n\t\t\t\t\t\t\t\t\t<p>\u00c0 Arta C\u00e9ramique, accessible \u00e0 partir de <a href=\"https:\/\/artaceramic.com\/fr\/\">https:\/\/artaceramic.com\/<\/a>, l&rsquo;une de nos principales priorit\u00e9s est la protection de la vie priv\u00e9e de nos visiteurs. Ce document de politique de confidentialit\u00e9 contient les types d&rsquo;informations qui sont collect\u00e9es et enregistr\u00e9es par Arta Ceramic et la mani\u00e8re dont nous les utilisons.<\/p><p>Si vous avez des questions suppl\u00e9mentaires ou si vous souhaitez obtenir plus d&rsquo;informations sur notre politique de protection de la vie priv\u00e9e, n&rsquo;h\u00e9sitez pas \u00e0 nous contacter.<\/p><p>Cette politique de confidentialit\u00e9 s&rsquo;applique uniquement \u00e0 nos activit\u00e9s en ligne et est valable pour les visiteurs de notre site web en ce qui concerne les informations qu&rsquo;ils ont partag\u00e9es et\/ou collect\u00e9es dans <a href=\"https:\/\/artaceramic.com\/fr\/\">Arta Ceramic<\/a>. Cette politique ne s&rsquo;applique pas aux informations collect\u00e9es hors ligne ou via d&rsquo;autres canaux que ce site web, \u00e0 l&rsquo;exception des publicit\u00e9s Facebook que nous g\u00e9rons officiellement.<\/p><h3 id=\"h-consent\" class=\"wp-block-heading\">Consentement<\/h3><p>En utilisant notre site web, vous consentez par la pr\u00e9sente \u00e0 notre politique de confidentialit\u00e9 et en acceptez les termes.<\/p><h3 id=\"h-information-we-collect\" class=\"wp-block-heading\">Informations collect\u00e9es<\/h3><p>Les informations personnelles qui vous sont demand\u00e9es, et les raisons pour lesquelles elles vous sont demand\u00e9es, vous seront pr\u00e9cis\u00e9es au moment o\u00f9 nous vous demanderons de fournir vos informations personnelles.<\/p><p>Si vous nous contactez directement, nous pouvons recevoir des informations suppl\u00e9mentaires vous concernant, telles que votre nom, votre adresse \u00e9lectronique, votre num\u00e9ro de t\u00e9l\u00e9phone, le contenu du message et\/ou des pi\u00e8ces jointes que vous pouvez nous envoyer, ainsi que toute autre information que vous pouvez choisir de fournir.<\/p><p>Lorsque vous vous inscrivez pour ouvrir un compte, nous pouvons vous demander vos coordonn\u00e9es, notamment votre nom, le nom de votre entreprise, votre adresse, votre adresse \u00e9lectronique et votre num\u00e9ro de t\u00e9l\u00e9phone.<\/p><h3 id=\"h-how-we-use-your-information\" class=\"wp-block-heading\">Comment nous utilisons vos informations<\/h3><p>Nous utilisons les informations que nous recueillons de diff\u00e9rentes mani\u00e8res, notamment pour :<\/p><ul><li>Fournir, exploiter et maintenir notre site web<\/li><li>Am\u00e9liorer, personnaliser et d\u00e9velopper notre site web<\/li><li>Comprendre et analyser la fa\u00e7on dont vous utilisez notre site web<\/li><li>D\u00e9velopper de nouveaux produits, services, caract\u00e9ristiques et fonctionnalit\u00e9s<\/li><li>communiquer avec vous, soit directement, soit par l&rsquo;interm\u00e9diaire de l&rsquo;un de nos partenaires, notamment pour le service client\u00e8le, pour vous fournir des mises \u00e0 jour et d&rsquo;autres informations relatives au site web, ainsi qu&rsquo;\u00e0 des fins de marketing et de promotion<\/li><li>Vous envoyer des courriels<\/li><li>D\u00e9tecter et pr\u00e9venir la fraude<\/li><\/ul><h3 id=\"h-log-files\" class=\"wp-block-heading\">Fichiers journaux<\/h3><p>Arta Ceramic suit une proc\u00e9dure standard d&rsquo;utilisation des fichiers journaux. Ces fichiers enregistrent les visiteurs lorsqu&rsquo;ils visitent des sites web. Tous les h\u00e9bergeurs le font et cela fait partie des analyses des services d&rsquo;h\u00e9bergement. Les informations collect\u00e9es par les fichiers journaux comprennent les adresses de protocole Internet (IP), le type de navigateur, le fournisseur d&rsquo;acc\u00e8s Internet (FAI), la date et l&rsquo;heure, les pages de renvoi et de sortie, et \u00e9ventuellement le nombre de clics. Elles ne sont pas li\u00e9es \u00e0 des informations personnellement identifiables. L&rsquo;objectif de ces informations est d&rsquo;analyser les tendances, d&rsquo;administrer le site, de suivre les mouvements des utilisateurs sur le site et de recueillir des informations d\u00e9mographiques.<\/p><h3 id=\"h-cookies-and-web-beacons\" class=\"wp-block-heading\">Cookies et balises web<\/h3><p>Comme tout autre site web, Arta Ceramic utilise des \u00ab\u00a0cookies\u00a0\u00bb. Ces cookies sont utilis\u00e9s pour stocker des informations telles que les pr\u00e9f\u00e9rences des visiteurs et les pages du site Web auxquelles le visiteur a acc\u00e9d\u00e9 ou qu&rsquo;il a visit\u00e9es. Ces informations sont utilis\u00e9es pour optimiser l&rsquo;exp\u00e9rience des utilisateurs en personnalisant le contenu de nos pages web en fonction du type de navigateur des visiteurs et\/ou d&rsquo;autres informations.<\/p><p>Pour plus d&rsquo;informations g\u00e9n\u00e9rales sur les cookies, veuillez lire l <a href=\"https:\/\/www.termsfeed.com\/blog\/sample-cookies-policy-template\/#What_Are_Cookies\">&lsquo;article sur les cookies sur le site Web de TermsFeed<\/a>.<\/p><h3 id=\"h-advertising-partners-privacy-policies\" class=\"wp-block-heading\">Partenaires publicitaires Politiques de confidentialit\u00e9<\/h3><p>Vous pouvez consulter cette liste pour trouver la politique de confidentialit\u00e9 de chacun des partenaires publicitaires d&rsquo;Arta Ceramic.<\/p><p>Les serveurs publicitaires tiers ou les r\u00e9seaux publicitaires utilisent des technologies telles que les cookies, le JavaScript ou les Web Beacons qui sont utilis\u00e9s dans leurs publicit\u00e9s et liens respectifs qui apparaissent sur Arta Ceramic et qui sont envoy\u00e9s directement au navigateur de l&rsquo;utilisateur. Ils re\u00e7oivent automatiquement votre adresse IP lorsque cela se produit. Ces technologies sont utilis\u00e9es pour mesurer l&rsquo;efficacit\u00e9 de leurs campagnes publicitaires et\/ou pour personnaliser le contenu publicitaire que vous voyez sur les sites web que vous visitez.<\/p><p>Il est \u00e0 noter qu&rsquo;Arta Ceramic n&rsquo;a aucun acc\u00e8s ou contr\u00f4le sur ces cookies utilis\u00e9s par des annonceurs tiers.<\/p><h3>Politiques de confidentialit\u00e9 des tiers<\/h3><p>La politique de confidentialit\u00e9 d&rsquo;Arta Ceramic ne s&rsquo;applique pas aux autres annonceurs ou sites web. Nous vous conseillons donc de consulter les politiques de confidentialit\u00e9 respectives de ces serveurs publicitaires tiers pour obtenir des informations plus d\u00e9taill\u00e9es. Elle peut inclure leurs pratiques et des instructions sur la mani\u00e8re de refuser certaines options.<\/p><p>Vous pouvez choisir de d\u00e9sactiver les cookies par le biais des options de votre navigateur. Pour obtenir des informations plus d\u00e9taill\u00e9es sur la gestion des cookies avec des navigateurs web sp\u00e9cifiques, vous pouvez consulter les sites web respectifs de ces navigateurs.<\/p><h3 id=\"h-ccpa-privacy-rights-do-not-sell-my-personal-information\" class=\"wp-block-heading\">Droits de la protection de la vie priv\u00e9e de l&rsquo;ACCP (Ne pas vendre mes informations personnelles)<\/h3><p>En vertu de la CCPA, les consommateurs californiens ont, entre autres, le droit de.. :<\/p><p>Demander \u00e0 une entreprise qui collecte les donn\u00e9es personnelles d&rsquo;un consommateur de divulguer les cat\u00e9gories et les \u00e9l\u00e9ments sp\u00e9cifiques des donn\u00e9es personnelles qu&rsquo;elle a collect\u00e9es sur les consommateurs.<\/p><p>Demander \u00e0 une entreprise de supprimer toutes les donn\u00e9es \u00e0 caract\u00e8re personnel qu&rsquo;elle a recueillies sur le consommateur.<\/p><p>Demander qu&rsquo;une entreprise qui vend les donn\u00e9es personnelles d&rsquo;un consommateur ne vende pas les donn\u00e9es personnelles du consommateur.<\/p><p>Si vous faites une demande, nous avons un mois pour vous r\u00e9pondre. Si vous souhaitez exercer l&rsquo;un de ces droits, veuillez nous contacter.<\/p><h3 id=\"h-gdpr-data-protection-rights\" class=\"wp-block-heading\">GDPR Droits \u00e0 la protection des donn\u00e9es<\/h3><p>Nous souhaitons nous assurer que vous \u00eates pleinement conscient de vos droits en mati\u00e8re de protection des donn\u00e9es. Chaque utilisateur a droit aux \u00e9l\u00e9ments suivants :<\/p><p>Droit d&rsquo;acc\u00e8s &#8211; Vous avez le droit de demander des copies de vos donn\u00e9es personnelles. Il se peut que nous vous facturions une petite somme pour ce service.<\/p><p>Droit de rectification &#8211; Vous avez le droit de nous demander de corriger toute information que vous estimez inexacte. Vous avez \u00e9galement le droit de nous demander de compl\u00e9ter les informations que vous jugez incompl\u00e8tes.<\/p><p>Le droit \u00e0 l&rsquo;effacement &#8211; Vous avez le droit de nous demander d&rsquo;effacer vos donn\u00e9es personnelles, sous certaines conditions.<\/p><p>Le droit de restreindre le traitement &#8211; Vous avez le droit de nous demander de restreindre le traitement de vos donn\u00e9es personnelles, sous certaines conditions.<\/p><p>Le droit de s&rsquo;opposer au traitement &#8211; Vous avez le droit de vous opposer \u00e0 ce que nous traitions vos donn\u00e9es personnelles, sous certaines conditions.<\/p><p>Droit \u00e0 la portabilit\u00e9 des donn\u00e9es &#8211; Vous avez le droit de nous demander de transf\u00e9rer les donn\u00e9es que nous avons collect\u00e9es \u00e0 une autre organisation, ou directement \u00e0 vous, sous certaines conditions.<\/p><p>Si vous faites une demande, nous avons un mois pour vous r\u00e9pondre. Si vous souhaitez exercer l&rsquo;un de ces droits, veuillez nous contacter.<\/p><h3 id=\"h-children-s-information\" class=\"wp-block-heading\">Informations pour les enfants<\/h3><p>Une autre de nos priorit\u00e9s est d&rsquo;ajouter une protection pour les enfants lorsqu&rsquo;ils utilisent l&rsquo;internet. Nous encourageons les parents et les tuteurs \u00e0 observer leurs activit\u00e9s en ligne, \u00e0 y participer et\/ou \u00e0 les surveiller et \u00e0 les guider.<\/p><p>Arta Ceramic ne recueille pas sciemment d&rsquo;informations personnelles identifiables aupr\u00e8s d&rsquo;enfants de moins de 13 ans. Si vous pensez que votre enfant a fourni ce type d&rsquo;informations sur notre site web, nous vous encourageons vivement \u00e0 nous contacter imm\u00e9diatement et nous ferons tout notre possible pour supprimer rapidement ces informations de nos dossiers.<\/p>\t\t\t\t\t\t\t\t<\/div>\n\t\t\t\t\t<\/div>\n\t\t\t\t<\/div>\n\t\t\t\t<\/div>\n\t\t","protected":false},"excerpt":{"rendered":"<p>Politique de confidentialit\u00e9 pour Arta C\u00e9ramique \u00c0 Arta C\u00e9ramique, accessible \u00e0 partir de https:\/\/artaceramic.com\/, l&rsquo;une de nos principales priorit\u00e9s est la protection de la vie priv\u00e9e de nos visiteurs. Ce document de politique de confidentialit\u00e9 contient les types d&rsquo;informations qui sont collect\u00e9es et enregistr\u00e9es par Arta Ceramic et la mani\u00e8re dont nous les utilisons. Si [&hellip;]<\/p>\n","protected":false},"author":5,"featured_media":0,"parent":0,"menu_order":0,"comment_status":"closed","ping_status":"closed","template":"","meta":{"footnotes":""},"class_list":["post-17751","page","type-page","status-publish","hentry"],"_links":{"self":[{"href":"https:\/\/artaceramic.com\/fr\/wp-json\/wp\/v2\/pages\/17751","targetHints":{"allow":["GET"]}}],"collection":[{"href":"https:\/\/artaceramic.com\/fr\/wp-json\/wp\/v2\/pages"}],"about":[{"href":"https:\/\/artaceramic.com\/fr\/wp-json\/wp\/v2\/types\/page"}],"author":[{"embeddable":true,"href":"https:\/\/artaceramic.com\/fr\/wp-json\/wp\/v2\/users\/5"}],"replies":[{"embeddable":true,"href":"https:\/\/artaceramic.com\/fr\/wp-json\/wp\/v2\/comments?post=17751"}],"version-history":[{"count":9,"href":"https:\/\/artaceramic.com\/fr\/wp-json\/wp\/v2\/pages\/17751\/revisions"}],"predecessor-version":[{"id":24578,"href":"https:\/\/artaceramic.com\/fr\/wp-json\/wp\/v2\/pages\/17751\/revisions\/24578"}],"wp:attachment":[{"href":"https:\/\/artaceramic.com\/fr\/wp-json\/wp\/v2\/media?parent=17751"}],"curies":[{"name":"wp","href":"https:\/\/api.w.org\/{rel}","templated":true}]}}