{"id":10163,"date":"2021-03-08T15:07:02","date_gmt":"2021-03-08T15:07:02","guid":{"rendered":"http:\/\/devoted-cheesecake.flywheelsites.com\/accessoires-de-plomberie\/"},"modified":"2026-03-02T16:17:47","modified_gmt":"2026-03-02T21:17:47","slug":"accessoires-de-plomberie","status":"publish","type":"page","link":"https:\/\/artaceramic.com\/fr\/accessoires-de-plomberie\/","title":{"rendered":"Accessoires de plomberie"},"content":{"rendered":"\t\t<div data-elementor-type=\"wp-page\" data-elementor-id=\"10163\" class=\"elementor elementor-10163 elementor-8814\" data-elementor-post-type=\"page\">\n\t\t\t\t<div class=\"elementor-element elementor-element-5d7fcf9 e-flex e-con-boxed e-con e-parent\" data-id=\"5d7fcf9\" data-element_type=\"container\" data-e-type=\"container\">\n\t\t\t\t\t<div class=\"e-con-inner\">\n\t\t<div class=\"elementor-element elementor-element-1467e69 e-con-full e-flex e-con e-child\" data-id=\"1467e69\" data-element_type=\"container\" data-e-type=\"container\">\n\t\t\t\t<div class=\"elementor-element elementor-element-5933294 elementor-widget elementor-widget-heading\" data-id=\"5933294\" data-element_type=\"widget\" data-e-type=\"widget\" data-widget_type=\"heading.default\">\n\t\t\t\t\t<h1 class=\"elementor-heading-title elementor-size-default\">ACCESSOIRES DE<\/h1>\t\t\t\t<\/div>\n\t\t\t\t<div class=\"elementor-element elementor-element-41d64bf elementor-widget elementor-widget-heading\" data-id=\"41d64bf\" data-element_type=\"widget\" data-e-type=\"widget\" data-widget_type=\"heading.default\">\n\t\t\t\t\t<h1 class=\"elementor-heading-title elementor-size-default\">PLOMBERIE<\/h1>\t\t\t\t<\/div>\n\t\t\t\t<\/div>\n\t\t\t\t<div class=\"elementor-element elementor-element-75b4e2d elementor-widget elementor-widget-text-editor\" data-id=\"75b4e2d\" data-element_type=\"widget\" data-e-type=\"widget\" data-widget_type=\"text-editor.default\">\n\t\t\t\t\t\t\t\t\t<div class=\"flex flex-col text-sm pb-25\"><article class=\"text-token-text-primary w-full focus:outline-none [--shadow-height:45px] has-data-writing-block:pointer-events-none has-data-writing-block:-mt-(--shadow-height) has-data-writing-block:pt-(--shadow-height) [&amp;:has([data-writing-block])&gt;*]:pointer-events-auto scroll-mt-[calc(var(--header-height)+min(200px,max(70px,20svh)))]\" dir=\"auto\" tabindex=\"-1\" data-turn-id=\"request-WEB:2ae9b53e-779a-4e73-8e55-fa0fc2b9a0fc-0\" data-testid=\"conversation-turn-2\" data-scroll-anchor=\"true\" data-turn=\"assistant\"><div class=\"text-base my-auto mx-auto pb-10 [--thread-content-margin:--spacing(4)] @w-sm\/main:[--thread-content-margin:--spacing(6)] @w-lg\/main:[--thread-content-margin:--spacing(16)] px-(--thread-content-margin)\"><div class=\"[--thread-content-max-width:40rem] @w-lg\/main:[--thread-content-max-width:48rem] mx-auto max-w-(--thread-content-max-width) flex-1 group\/turn-messages focus-visible:outline-hidden relative flex w-full min-w-0 flex-col agent-turn\" tabindex=\"-1\"><div class=\"flex max-w-full flex-col grow\"><div class=\"min-h-8 text-message relative flex w-full flex-col items-end gap-2 text-start break-words whitespace-normal [.text-message+&amp;]:mt-1\" dir=\"auto\" data-message-author-role=\"assistant\" data-message-id=\"8f06d56e-7ca4-4031-b548-f5185d0aa2e4\" data-message-model-slug=\"gpt-5-2-instant\"><div class=\"flex w-full flex-col gap-1 empty:hidden first:pt-[1px]\"><div class=\"markdown prose dark:prose-invert w-full wrap-break-word dark markdown-new-styling\"><p data-start=\"0\" data-end=\"78\" data-is-last-node=\"\" data-is-only-node=\"\">S\u00e9lectionnez une cat\u00e9gorie pour d\u00e9couvrir les collections<\/p><\/div><\/div><\/div><\/div><\/div><\/div><\/article><\/div>\t\t\t\t\t\t\t\t<\/div>\n\t\t<div class=\"elementor-element elementor-element-8b76b0c e-con-full e-flex e-con e-child\" data-id=\"8b76b0c\" data-element_type=\"container\" data-e-type=\"container\">\n\t\t<div class=\"elementor-element elementor-element-e17eaf6 e-con-full e-flex e-con e-child\" data-id=\"e17eaf6\" data-element_type=\"container\" data-e-type=\"container\">\n\t\t<div class=\"elementor-element elementor-element-9e83fd0 e-con-full e-flex e-con e-child\" data-id=\"9e83fd0\" data-element_type=\"container\" data-e-type=\"container\">\n\t\t\t\t<div class=\"elementor-element elementor-element-30189c8 elementor-widget elementor-widget-image\" data-id=\"30189c8\" data-element_type=\"widget\" data-e-type=\"widget\" data-widget_type=\"image.default\">\n\t\t\t\t\t\t\t\t\t\t\t\t\t\t\t\t<a href=\"\/fr\/accessoires-de-plomberie\/baignoires\/\">\n\t\t\t\t\t\t\t<img fetchpriority=\"high\" decoding=\"async\" width=\"240\" height=\"240\" src=\"https:\/\/artaceramic.com\/wp-content\/uploads\/2021\/02\/cr_plumbing_bath@2x.png\" class=\"attachment-large size-large wp-image-8879\" alt=\"\" srcset=\"https:\/\/artaceramic.com\/wp-content\/uploads\/2021\/02\/cr_plumbing_bath@2x.png 240w, https:\/\/artaceramic.com\/wp-content\/uploads\/2021\/02\/cr_plumbing_bath@2x-100x100.png 100w, https:\/\/artaceramic.com\/wp-content\/uploads\/2021\/02\/cr_plumbing_bath@2x-150x150.png 150w\" sizes=\"(max-width: 240px) 100vw, 240px\" \/>\t\t\t\t\t\t\t\t<\/a>\n\t\t\t\t\t\t\t\t\t\t\t\t\t\t\t<\/div>\n\t\t\t\t<div class=\"elementor-element elementor-element-f77910f elementor-widget elementor-widget-heading\" data-id=\"f77910f\" data-element_type=\"widget\" data-e-type=\"widget\" data-widget_type=\"heading.default\">\n\t\t\t\t\t<h2 class=\"elementor-heading-title elementor-size-default\"><a href=\"\/fr\/accessoires-de-plomberie\/baignoires\/\">BAIGNOIRES<\/a><\/h2>\t\t\t\t<\/div>\n\t\t\t\t<\/div>\n\t\t<div class=\"elementor-element elementor-element-de05424 e-con-full e-flex e-con e-child\" data-id=\"de05424\" data-element_type=\"container\" data-e-type=\"container\">\n\t\t\t\t<div class=\"elementor-element elementor-element-98ecba8 elementor-widget elementor-widget-image\" data-id=\"98ecba8\" data-element_type=\"widget\" data-e-type=\"widget\" data-widget_type=\"image.default\">\n\t\t\t\t\t\t\t\t\t\t\t\t\t\t\t\t<a href=\"\/fr\/accessoires-de-plomberie\/robinets-de-salle-de-bain\/\">\n\t\t\t\t\t\t\t<img decoding=\"async\" width=\"240\" height=\"240\" src=\"https:\/\/artaceramic.com\/wp-content\/uploads\/2021\/02\/cr_plumbing_faucet@2x.png\" class=\"attachment-large size-large wp-image-8877\" alt=\"\" srcset=\"https:\/\/artaceramic.com\/wp-content\/uploads\/2021\/02\/cr_plumbing_faucet@2x.png 240w, https:\/\/artaceramic.com\/wp-content\/uploads\/2021\/02\/cr_plumbing_faucet@2x-100x100.png 100w, https:\/\/artaceramic.com\/wp-content\/uploads\/2021\/02\/cr_plumbing_faucet@2x-150x150.png 150w\" sizes=\"(max-width: 240px) 100vw, 240px\" \/>\t\t\t\t\t\t\t\t<\/a>\n\t\t\t\t\t\t\t\t\t\t\t\t\t\t\t<\/div>\n\t\t\t\t<div class=\"elementor-element elementor-element-6f0e031 elementor-widget elementor-widget-heading\" data-id=\"6f0e031\" data-element_type=\"widget\" data-e-type=\"widget\" data-widget_type=\"heading.default\">\n\t\t\t\t\t<h2 class=\"elementor-heading-title elementor-size-default\"><a href=\"\/fr\/accessoires-de-plomberie\/robinets-de-salle-de-bain\/\">ROBINETS<\/a><\/h2>\t\t\t\t<\/div>\n\t\t\t\t<\/div>\n\t\t\t\t<\/div>\n\t\t<div class=\"elementor-element elementor-element-a096bac e-con-full e-flex e-con e-child\" data-id=\"a096bac\" data-element_type=\"container\" data-e-type=\"container\">\n\t\t<div class=\"elementor-element elementor-element-75a3500 e-con-full e-flex e-con e-child\" data-id=\"75a3500\" data-element_type=\"container\" data-e-type=\"container\">\n\t\t\t\t<div class=\"elementor-element elementor-element-160792a elementor-widget elementor-widget-image\" data-id=\"160792a\" data-element_type=\"widget\" data-e-type=\"widget\" data-widget_type=\"image.default\">\n\t\t\t\t\t\t\t\t\t\t\t\t\t\t\t\t<a href=\"\/fr\/accessoires-de-plomberie\/portes-de-douche\/\">\n\t\t\t\t\t\t\t<img decoding=\"async\" width=\"240\" height=\"240\" src=\"https:\/\/artaceramic.com\/wp-content\/uploads\/2021\/02\/cr_plumbing_shower@2x.png\" class=\"attachment-large size-large wp-image-8875\" alt=\"\" srcset=\"https:\/\/artaceramic.com\/wp-content\/uploads\/2021\/02\/cr_plumbing_shower@2x.png 240w, https:\/\/artaceramic.com\/wp-content\/uploads\/2021\/02\/cr_plumbing_shower@2x-100x100.png 100w, https:\/\/artaceramic.com\/wp-content\/uploads\/2021\/02\/cr_plumbing_shower@2x-150x150.png 150w\" sizes=\"(max-width: 240px) 100vw, 240px\" \/>\t\t\t\t\t\t\t\t<\/a>\n\t\t\t\t\t\t\t\t\t\t\t\t\t\t\t<\/div>\n\t\t\t\t<div class=\"elementor-element elementor-element-cd43ec9 elementor-widget elementor-widget-heading\" data-id=\"cd43ec9\" data-element_type=\"widget\" data-e-type=\"widget\" data-widget_type=\"heading.default\">\n\t\t\t\t\t<h2 class=\"elementor-heading-title elementor-size-default\"><a href=\"\/fr\/accessoires-de-plomberie\/portes-de-douche\/\">DOUCHES<\/a><\/h2>\t\t\t\t<\/div>\n\t\t\t\t<\/div>\n\t\t<div class=\"elementor-element elementor-element-31549f6 e-con-full e-flex e-con e-child\" data-id=\"31549f6\" data-element_type=\"container\" data-e-type=\"container\">\n\t\t\t\t<div class=\"elementor-element elementor-element-9ce4d5c elementor-widget elementor-widget-image\" data-id=\"9ce4d5c\" data-element_type=\"widget\" data-e-type=\"widget\" data-widget_type=\"image.default\">\n\t\t\t\t\t\t\t\t\t\t\t\t\t\t\t\t<a href=\"\/fr\/accessoires-de-plomberie\/lavabos-de-salle-de-bain\/\">\n\t\t\t\t\t\t\t<img loading=\"lazy\" decoding=\"async\" width=\"240\" height=\"240\" src=\"https:\/\/artaceramic.com\/wp-content\/uploads\/2021\/02\/cr_plumbing_sink@2x.png\" class=\"attachment-large size-large wp-image-8873\" alt=\"\" srcset=\"https:\/\/artaceramic.com\/wp-content\/uploads\/2021\/02\/cr_plumbing_sink@2x.png 240w, https:\/\/artaceramic.com\/wp-content\/uploads\/2021\/02\/cr_plumbing_sink@2x-100x100.png 100w, https:\/\/artaceramic.com\/wp-content\/uploads\/2021\/02\/cr_plumbing_sink@2x-150x150.png 150w\" sizes=\"(max-width: 240px) 100vw, 240px\" \/>\t\t\t\t\t\t\t\t<\/a>\n\t\t\t\t\t\t\t\t\t\t\t\t\t\t\t<\/div>\n\t\t\t\t<div class=\"elementor-element elementor-element-f150910 elementor-widget elementor-widget-heading\" data-id=\"f150910\" data-element_type=\"widget\" data-e-type=\"widget\" data-widget_type=\"heading.default\">\n\t\t\t\t\t<h2 class=\"elementor-heading-title elementor-size-default\"><a href=\"\/fr\/accessoires-de-plomberie\/lavabos-de-salle-de-bain\/\">LAVABOS<\/a><\/h2>\t\t\t\t<\/div>\n\t\t\t\t<\/div>\n\t\t\t\t<\/div>\n\t\t<div class=\"elementor-element elementor-element-8dcdd7c e-con-full e-flex e-con e-child\" data-id=\"8dcdd7c\" data-element_type=\"container\" data-e-type=\"container\">\n\t\t<div class=\"elementor-element elementor-element-f4ffff3 e-con-full e-flex e-con e-child\" data-id=\"f4ffff3\" data-element_type=\"container\" data-e-type=\"container\">\n\t\t\t\t<div class=\"elementor-element elementor-element-40ff712 elementor-widget elementor-widget-image\" data-id=\"40ff712\" data-element_type=\"widget\" data-e-type=\"widget\" data-widget_type=\"image.default\">\n\t\t\t\t\t\t\t\t\t\t\t\t\t\t\t\t<a href=\"\/fr\/accessoires-de-plomberie\/toilettes-bidets\/\">\n\t\t\t\t\t\t\t<img loading=\"lazy\" decoding=\"async\" width=\"240\" height=\"240\" src=\"https:\/\/artaceramic.com\/wp-content\/uploads\/2021\/02\/cr_plumbing_toilet@2x.png\" class=\"attachment-large size-large wp-image-8871\" alt=\"\" srcset=\"https:\/\/artaceramic.com\/wp-content\/uploads\/2021\/02\/cr_plumbing_toilet@2x.png 240w, https:\/\/artaceramic.com\/wp-content\/uploads\/2021\/02\/cr_plumbing_toilet@2x-100x100.png 100w, https:\/\/artaceramic.com\/wp-content\/uploads\/2021\/02\/cr_plumbing_toilet@2x-150x150.png 150w\" sizes=\"(max-width: 240px) 100vw, 240px\" \/>\t\t\t\t\t\t\t\t<\/a>\n\t\t\t\t\t\t\t\t\t\t\t\t\t\t\t<\/div>\n\t\t\t\t<div class=\"elementor-element elementor-element-f6e46aa elementor-widget elementor-widget-heading\" data-id=\"f6e46aa\" data-element_type=\"widget\" data-e-type=\"widget\" data-widget_type=\"heading.default\">\n\t\t\t\t\t<h2 class=\"elementor-heading-title elementor-size-default\"><a href=\"\/fr\/accessoires-de-plomberie\/toilettes-bidets\/\">TOILETTES &amp; BIDETS<\/a><\/h2>\t\t\t\t<\/div>\n\t\t\t\t<\/div>\n\t\t<div class=\"elementor-element elementor-element-9fcee5c e-con-full e-flex e-con e-child\" data-id=\"9fcee5c\" data-element_type=\"container\" data-e-type=\"container\">\n\t\t\t\t<div class=\"elementor-element elementor-element-46825fb elementor-widget elementor-widget-image\" data-id=\"46825fb\" data-element_type=\"widget\" data-e-type=\"widget\" data-widget_type=\"image.default\">\n\t\t\t\t\t\t\t\t\t\t\t\t\t\t\t\t<a href=\"\/fr\/categorie-produit\/vanites\/\">\n\t\t\t\t\t\t\t<img loading=\"lazy\" decoding=\"async\" width=\"240\" height=\"240\" src=\"https:\/\/artaceramic.com\/wp-content\/uploads\/2021\/02\/cr_plumbing_vanity@2x.png\" class=\"attachment-large size-large wp-image-8869\" alt=\"\" srcset=\"https:\/\/artaceramic.com\/wp-content\/uploads\/2021\/02\/cr_plumbing_vanity@2x.png 240w, https:\/\/artaceramic.com\/wp-content\/uploads\/2021\/02\/cr_plumbing_vanity@2x-100x100.png 100w, https:\/\/artaceramic.com\/wp-content\/uploads\/2021\/02\/cr_plumbing_vanity@2x-150x150.png 150w\" sizes=\"(max-width: 240px) 100vw, 240px\" \/>\t\t\t\t\t\t\t\t<\/a>\n\t\t\t\t\t\t\t\t\t\t\t\t\t\t\t<\/div>\n\t\t\t\t<div class=\"elementor-element elementor-element-148bff3 elementor-widget elementor-widget-heading\" data-id=\"148bff3\" data-element_type=\"widget\" data-e-type=\"widget\" data-widget_type=\"heading.default\">\n\t\t\t\t\t<h2 class=\"elementor-heading-title elementor-size-default\"><a href=\"\/fr\/categorie-produit\/vanites\/\">VANIT\u00c9S<\/a><\/h2>\t\t\t\t<\/div>\n\t\t\t\t<\/div>\n\t\t\t\t<\/div>\n\t\t\t\t<\/div>\n\t\t\t\t\t<\/div>\n\t\t\t\t<\/div>\n\t\t\t\t<\/div>\n\t\t","protected":false},"excerpt":{"rendered":"<p>ACCESSOIRES DE PLOMBERIE S\u00e9lectionnez une cat\u00e9gorie pour d\u00e9couvrir les collections BAIGNOIRES ROBINETS DOUCHES LAVABOS TOILETTES &amp; BIDETS VANIT\u00c9S<\/p>\n","protected":false},"author":5,"featured_media":0,"parent":0,"menu_order":0,"comment_status":"closed","ping_status":"closed","template":"","meta":{"footnotes":""},"class_list":["post-10163","page","type-page","status-publish","hentry"],"_links":{"self":[{"href":"https:\/\/artaceramic.com\/fr\/wp-json\/wp\/v2\/pages\/10163","targetHints":{"allow":["GET"]}}],"collection":[{"href":"https:\/\/artaceramic.com\/fr\/wp-json\/wp\/v2\/pages"}],"about":[{"href":"https:\/\/artaceramic.com\/fr\/wp-json\/wp\/v2\/types\/page"}],"author":[{"embeddable":true,"href":"https:\/\/artaceramic.com\/fr\/wp-json\/wp\/v2\/users\/5"}],"replies":[{"embeddable":true,"href":"https:\/\/artaceramic.com\/fr\/wp-json\/wp\/v2\/comments?post=10163"}],"version-history":[{"count":19,"href":"https:\/\/artaceramic.com\/fr\/wp-json\/wp\/v2\/pages\/10163\/revisions"}],"predecessor-version":[{"id":24853,"href":"https:\/\/artaceramic.com\/fr\/wp-json\/wp\/v2\/pages\/10163\/revisions\/24853"}],"wp:attachment":[{"href":"https:\/\/artaceramic.com\/fr\/wp-json\/wp\/v2\/media?parent=10163"}],"curies":[{"name":"wp","href":"https:\/\/api.w.org\/{rel}","templated":true}]}}